{"id":445,"date":"2021-02-03T10:20:00","date_gmt":"2021-02-03T10:20:00","guid":{"rendered":"https:\/\/www.otticamalalan.it\/stilno-svetovanje\/"},"modified":"2021-04-16T08:25:31","modified_gmt":"2021-04-16T08:25:31","slug":"stilno-svetovanje","status":"publish","type":"page","link":"https:\/\/www.otticamalalan.it\/it\/stilno-svetovanje\/","title":{"rendered":"Consulenza d&#8217;immagine"},"content":{"rendered":"<p>La scelta di un modello di occhiali \u00e8 sempre un momento delicato.<\/p>\n<p>La variet\u00e0 di elementi che caratterizzano un volto \u00e8 molto elevata; tanti sono i parametri da considerare. dalla struttura del volto, se rotondo, se ovale se allungato, dalla forma degli occhi, della fronte. Ogni viso \u00e8 diverso dall\u2019altro e abbinare la giusta montatura necessita di un occhio esperto.<\/p>\n<p>Ecco perch\u00e8 la domanda \u201cQuale tipo di occhiali scegliere?\u201d non deve metterti nel panico. Siamo qui per te.<\/p>\n<p>Vi indirizziamo, vi consigliamo, vi motiviamo le scelte sulla base della nostra esperienza\u201d.<\/p>\n<p>Non \u00e8 questione solo di avere \u201cbuon gusto\u201d o senso estetico, c\u2019\u00e8 molta esperienza, tanta strada percorsa per arrivare a potersi permettere di indirizzare le vostre scelte.<\/p>\n<p>Il nostro personale qualificato \u00e8 in continuo aggiornamento per riuscire ad offrirti sempre una consulenza funzionale e specifica.<\/p>\n","protected":false},"excerpt":{"rendered":"<p>La scelta di un modello di occhiali \u00e8 sempre un momento delicato. La variet\u00e0 di elementi che caratterizzano un volto \u00e8 molto elevata; tanti sono i parametri da considerare. dalla struttura del volto, se rotondo, se ovale se allungato, dalla forma degli occhi, della fronte. Ogni viso \u00e8 diverso dall\u2019altro e abbinare la giusta montatura [&hellip;]<\/p>\n","protected":false},"author":1,"featured_media":0,"parent":0,"menu_order":0,"comment_status":"closed","ping_status":"closed","template":"","meta":{"_acf_changed":false,"inline_featured_image":false,"footnotes":""},"acf":[],"yoast_head":"<!-- This site is optimized with the Yoast SEO plugin v22.3 - https:\/\/yoast.com\/wordpress\/plugins\/seo\/ -->\n<title>Consulenza d&#039;immagine - Malalan<\/title>\n<meta name=\"robots\" content=\"index, follow, max-snippet:-1, max-image-preview:large, max-video-preview:-1\" \/>\n<link rel=\"canonical\" href=\"https:\/\/www.otticamalalan.it\/stilno-svetovanje\/\" \/>\n<meta property=\"og:locale\" content=\"it_IT\" \/>\n<meta property=\"og:type\" content=\"article\" \/>\n<meta property=\"og:title\" content=\"Consulenza d&#039;immagine - Malalan\" \/>\n<meta property=\"og:description\" content=\"La scelta di un modello di occhiali \u00e8 sempre un momento delicato. La variet\u00e0 di elementi che caratterizzano un volto \u00e8 molto elevata; tanti sono i parametri da considerare. dalla struttura del volto, se rotondo, se ovale se allungato, dalla forma degli occhi, della fronte. Ogni viso \u00e8 diverso dall\u2019altro e abbinare la giusta montatura [&hellip;]\" \/>\n<meta property=\"og:url\" content=\"https:\/\/www.otticamalalan.it\/stilno-svetovanje\/\" \/>\n<meta property=\"og:site_name\" content=\"Malalan\" \/>\n<meta property=\"article:modified_time\" content=\"2021-04-16T08:25:31+00:00\" \/>\n<meta name=\"twitter:card\" content=\"summary_large_image\" \/>\n<meta name=\"twitter:label1\" content=\"Tempo di lettura stimato\" \/>\n\t<meta name=\"twitter:data1\" content=\"1 minuto\" \/>\n<script type=\"application\/ld+json\" class=\"yoast-schema-graph\">{\"@context\":\"https:\/\/schema.org\",\"@graph\":[{\"@type\":\"WebPage\",\"@id\":\"https:\/\/www.otticamalalan.it\/stilno-svetovanje\/\",\"url\":\"https:\/\/www.otticamalalan.it\/stilno-svetovanje\/\",\"name\":\"Consulenza d'immagine - Malalan\",\"isPartOf\":{\"@id\":\"https:\/\/www.otticamalalan.it\/#website\"},\"datePublished\":\"2021-02-03T10:20:00+00:00\",\"dateModified\":\"2021-04-16T08:25:31+00:00\",\"breadcrumb\":{\"@id\":\"https:\/\/www.otticamalalan.it\/stilno-svetovanje\/#breadcrumb\"},\"inLanguage\":\"it-IT\",\"potentialAction\":[{\"@type\":\"ReadAction\",\"target\":[\"https:\/\/www.otticamalalan.it\/stilno-svetovanje\/\"]}]},{\"@type\":\"BreadcrumbList\",\"@id\":\"https:\/\/www.otticamalalan.it\/stilno-svetovanje\/#breadcrumb\",\"itemListElement\":[{\"@type\":\"ListItem\",\"position\":1,\"name\":\"Home\",\"item\":\"https:\/\/www.otticamalalan.it\/it\/\"},{\"@type\":\"ListItem\",\"position\":2,\"name\":\"Consulenza d&#8217;immagine\"}]},{\"@type\":\"WebSite\",\"@id\":\"https:\/\/www.otticamalalan.it\/#website\",\"url\":\"https:\/\/www.otticamalalan.it\/\",\"name\":\"Malalan\",\"description\":\"Dobrodo\u0161li!\",\"potentialAction\":[{\"@type\":\"SearchAction\",\"target\":{\"@type\":\"EntryPoint\",\"urlTemplate\":\"https:\/\/www.otticamalalan.it\/?s={search_term_string}\"},\"query-input\":\"required name=search_term_string\"}],\"inLanguage\":\"it-IT\"}]}<\/script>\n<!-- \/ Yoast SEO plugin. -->","yoast_head_json":{"title":"Consulenza d'immagine - Malalan","robots":{"index":"index","follow":"follow","max-snippet":"max-snippet:-1","max-image-preview":"max-image-preview:large","max-video-preview":"max-video-preview:-1"},"canonical":"https:\/\/www.otticamalalan.it\/stilno-svetovanje\/","og_locale":"it_IT","og_type":"article","og_title":"Consulenza d'immagine - Malalan","og_description":"La scelta di un modello di occhiali \u00e8 sempre un momento delicato. La variet\u00e0 di elementi che caratterizzano un volto \u00e8 molto elevata; tanti sono i parametri da considerare. dalla struttura del volto, se rotondo, se ovale se allungato, dalla forma degli occhi, della fronte. Ogni viso \u00e8 diverso dall\u2019altro e abbinare la giusta montatura [&hellip;]","og_url":"https:\/\/www.otticamalalan.it\/stilno-svetovanje\/","og_site_name":"Malalan","article_modified_time":"2021-04-16T08:25:31+00:00","twitter_card":"summary_large_image","twitter_misc":{"Tempo di lettura stimato":"1 minuto"},"schema":{"@context":"https:\/\/schema.org","@graph":[{"@type":"WebPage","@id":"https:\/\/www.otticamalalan.it\/stilno-svetovanje\/","url":"https:\/\/www.otticamalalan.it\/stilno-svetovanje\/","name":"Consulenza d'immagine - Malalan","isPartOf":{"@id":"https:\/\/www.otticamalalan.it\/#website"},"datePublished":"2021-02-03T10:20:00+00:00","dateModified":"2021-04-16T08:25:31+00:00","breadcrumb":{"@id":"https:\/\/www.otticamalalan.it\/stilno-svetovanje\/#breadcrumb"},"inLanguage":"it-IT","potentialAction":[{"@type":"ReadAction","target":["https:\/\/www.otticamalalan.it\/stilno-svetovanje\/"]}]},{"@type":"BreadcrumbList","@id":"https:\/\/www.otticamalalan.it\/stilno-svetovanje\/#breadcrumb","itemListElement":[{"@type":"ListItem","position":1,"name":"Home","item":"https:\/\/www.otticamalalan.it\/it\/"},{"@type":"ListItem","position":2,"name":"Consulenza d&#8217;immagine"}]},{"@type":"WebSite","@id":"https:\/\/www.otticamalalan.it\/#website","url":"https:\/\/www.otticamalalan.it\/","name":"Malalan","description":"Dobrodo\u0161li!","potentialAction":[{"@type":"SearchAction","target":{"@type":"EntryPoint","urlTemplate":"https:\/\/www.otticamalalan.it\/?s={search_term_string}"},"query-input":"required name=search_term_string"}],"inLanguage":"it-IT"}]}},"_links":{"self":[{"href":"https:\/\/www.otticamalalan.it\/it\/wp-json\/wp\/v2\/pages\/445"}],"collection":[{"href":"https:\/\/www.otticamalalan.it\/it\/wp-json\/wp\/v2\/pages"}],"about":[{"href":"https:\/\/www.otticamalalan.it\/it\/wp-json\/wp\/v2\/types\/page"}],"author":[{"embeddable":true,"href":"https:\/\/www.otticamalalan.it\/it\/wp-json\/wp\/v2\/users\/1"}],"replies":[{"embeddable":true,"href":"https:\/\/www.otticamalalan.it\/it\/wp-json\/wp\/v2\/comments?post=445"}],"version-history":[{"count":1,"href":"https:\/\/www.otticamalalan.it\/it\/wp-json\/wp\/v2\/pages\/445\/revisions"}],"predecessor-version":[{"id":586,"href":"https:\/\/www.otticamalalan.it\/it\/wp-json\/wp\/v2\/pages\/445\/revisions\/586"}],"wp:attachment":[{"href":"https:\/\/www.otticamalalan.it\/it\/wp-json\/wp\/v2\/media?parent=445"}],"curies":[{"name":"wp","href":"https:\/\/api.w.org\/{rel}","templated":true}]}}