{"id":444,"date":"2021-02-03T10:21:10","date_gmt":"2021-02-03T10:21:10","guid":{"rendered":"https:\/\/www.otticamalalan.it\/kako-so-narejene-lece-za-ocala\/"},"modified":"2021-07-06T11:42:09","modified_gmt":"2021-07-06T11:42:09","slug":"kako-so-narejene-lece-za-ocala","status":"publish","type":"page","link":"https:\/\/www.otticamalalan.it\/it\/kako-so-narejene-lece-za-ocala\/","title":{"rendered":"Come vengono prodotte le lenti per gli occhiali?"},"content":{"rendered":"<p>Le lenti sono l\u2019elemento pi\u00f9 importante di un paio di occhiali in quanto sono fondamentali per assicurare la migliore visione possibile.<\/p>\n<p>Ma, prima di essere montate sull\u2019occhiale, devono compiere un lungo percorso. Una volta determinata la prescrizione, le lenti vengo prodotte In laboratorio.<\/p>\n<p>Il \u2018viaggio \u2018 della lente, consiste essenzialmente di sette tappe:<\/p>\n<p>&nbsp;<\/p>\n<p><em><strong>1.Preparazione delle lenti<\/strong><\/em><\/p>\n<p>Il processo comincia da una lente semi-finita, anche chiamata \u201cdisco\u201d per via della sua forma. \u00c8 possibile scegliere tra due materiali, il materiale plastico e il vetro. A seconda della prescrizione, le lenti semi-finite vengono selezionate automaticamente nel magazzino. Ora inizia il viaggio delle lenti.<\/p>\n<p>&nbsp;<\/p>\n<p><em><strong>2.Bloccaggio delle lenti<\/strong><\/em><\/p>\n<p>In questa fase, sulla superficie della lente viene applicato un rivestimento protettivo e la lente viene fissata al cosiddetto &#8220;bloccatore&#8221;. Questa fase \u00e8 necessaria affinch\u00e9 le lenti possano essere adeguatamente lavorate.<\/p>\n<p>&nbsp;<\/p>\n<p><em><strong>3. Generazione<\/strong><\/em><\/p>\n<p>Una volta completato il bloccaggio, la lente viene sagomata per conferirle la forma e la prescrizione desiderate.<\/p>\n<p>&nbsp;<\/p>\n<p><em><strong>4. Lucidatura<\/strong><\/em><\/p>\n<p>Durante la lucidatura, la superficie di ciascuna lente viene lucidata lasciando invariate le propriet\u00e0 ottiche. Una superficie perfetta \u00e8 importante per l&#8217;applicazione dei trattamenti aggiuntivi, affinch\u00e9 questi non si distacchino dalla lente. In questa fase, alcune delle case produttrici incidono il proprio stemma per assicurare l\u2019autenticit\u00e0 della lente e per agevolare in seguito le procedure di molatura e centratura delle lenti.<\/p>\n<p>&nbsp;<\/p>\n<p><em><strong>5. Rimozione e pulizia<\/strong><\/em><\/p>\n<p>In questa fase, la lente rimossa con cura dal bloccatore. La lente viene quindi pulita in modo molto simile a un&#8217;auto in un autolavaggio: spazzole, diversi detergenti e acqua ultra pura (ovvero sottoposta a un trattamento speciale) vengono utilizzati per rimuovere eventuali tracce dalle lenti e prepararle per il trattamento. Le lenti vengono quindi asciugate con aria.<\/p>\n<p>&nbsp;<\/p>\n<p><em><strong>6. Trattamento<\/strong><\/em><\/p>\n<p>Si giunge quindi all&#8217;ultima fase del processo produttivo, che \u00e8 quella tecnologicamente pi\u00f9 impegnativa: l&#8217;applicazione di un trattamento. I trattamenti rendono le lenti pi\u00f9 resistenti a danni e urti, aiutano a garantire una visione cristallina in caso di vento o condizioni atmosferiche avverse, aiutano a respingere lo sporco, riducono i riflessi e offrono molti vantaggi, ad esempio quando una persona \u00e8 alla guida o lavora al computer. A differenza delle loro controparti in vetro, le lenti in materiale plastico sono pi\u00f9 suscettibili a graffi e scalfiture. Pertanto un trattamento indurente adatto per proteggere dai graffi \u00e8 sempre indispensabile per le lenti in materiale plastico. Questo viene applicato come una vernice sulla lente con un processo di immersione che lo indurisce. Dopo un lavaggio a ultrasuoni, il rivestimento successivo viene aggiunto applicando strati antiriflesso in un processo di deposizione sottovuoto, e parliamo di strati, perch\u00e9 una lente moderna pu\u00f2 averne fino a nove. Lo strato finale di rivestimento conferisce alla lente una superficie estremamente liscia, che la rende particolarmente resistente allo sporco e all&#8217;acqua.<\/p>\n<p>&nbsp;<\/p>\n<p><em><strong>7.<\/strong><\/em> <em><strong>Garanzia di qualit\u00e0<\/strong><\/em><\/p>\n<p>Prima di essere spedita all\u2019ottico, il quale provveder\u00e0 al montaggio delle lenti nella montatura, ogni lente viene ispezionata accuratamente.<\/p>\n<p>Vengono eseguite un&#8217;ispezione visiva per verificare la presenza di polvere o danni e un&#8217;ispezione meccanica per garantire che ogni lente soddisfi le richieste specifiche della prescrizione inviata.<\/p>\n<p>&nbsp;<\/p>\n\n\t\t<style type=\"text\/css\">\n\t\t\t#gallery-1 {\n\t\t\t\tmargin: auto;\n\t\t\t}\n\t\t\t#gallery-1 .gallery-item {\n\t\t\t\tfloat: left;\n\t\t\t\tmargin-top: 10px;\n\t\t\t\ttext-align: center;\n\t\t\t\twidth: 33%;\n\t\t\t}\n\t\t\t#gallery-1 img {\n\t\t\t\tborder: 2px solid #cfcfcf;\n\t\t\t}\n\t\t\t#gallery-1 .gallery-caption {\n\t\t\t\tmargin-left: 0;\n\t\t\t}\n\t\t\t\/* see gallery_shortcode() in wp-includes\/media.php *\/\n\t\t<\/style>\n\t\t<div id='gallery-1' class='gallery galleryid-444 gallery-columns-3 gallery-size-medium'><dl class='gallery-item'>\n\t\t\t<dt class='gallery-icon landscape'>\n\t\t\t\t<a href='https:\/\/www.otticamalalan.it\/wp-content\/uploads\/2021\/06\/2021_05_Optika_Malalan-5258.jpg'><img loading=\"lazy\" decoding=\"async\" width=\"300\" height=\"200\" src=\"https:\/\/www.otticamalalan.it\/wp-content\/uploads\/2021\/06\/2021_05_Optika_Malalan-5258-300x200.jpg\" class=\"attachment-medium size-medium\" alt=\"\" srcset=\"https:\/\/www.otticamalalan.it\/wp-content\/uploads\/2021\/06\/2021_05_Optika_Malalan-5258-300x200.jpg 300w, https:\/\/www.otticamalalan.it\/wp-content\/uploads\/2021\/06\/2021_05_Optika_Malalan-5258-1024x683.jpg 1024w, https:\/\/www.otticamalalan.it\/wp-content\/uploads\/2021\/06\/2021_05_Optika_Malalan-5258-768x512.jpg 768w, https:\/\/www.otticamalalan.it\/wp-content\/uploads\/2021\/06\/2021_05_Optika_Malalan-5258-1536x1025.jpg 1536w, https:\/\/www.otticamalalan.it\/wp-content\/uploads\/2021\/06\/2021_05_Optika_Malalan-5258.jpg 2000w\" sizes=\"(max-width: 300px) 100vw, 300px\" \/><\/a>\n\t\t\t<\/dt><\/dl><dl class='gallery-item'>\n\t\t\t<dt class='gallery-icon landscape'>\n\t\t\t\t<a href='https:\/\/www.otticamalalan.it\/wp-content\/uploads\/2021\/06\/2021_05_Optika_Malalan-5249.jpg'><img loading=\"lazy\" decoding=\"async\" width=\"300\" height=\"200\" src=\"https:\/\/www.otticamalalan.it\/wp-content\/uploads\/2021\/06\/2021_05_Optika_Malalan-5249-300x200.jpg\" class=\"attachment-medium size-medium\" alt=\"\" srcset=\"https:\/\/www.otticamalalan.it\/wp-content\/uploads\/2021\/06\/2021_05_Optika_Malalan-5249-300x200.jpg 300w, https:\/\/www.otticamalalan.it\/wp-content\/uploads\/2021\/06\/2021_05_Optika_Malalan-5249-1024x683.jpg 1024w, https:\/\/www.otticamalalan.it\/wp-content\/uploads\/2021\/06\/2021_05_Optika_Malalan-5249-768x512.jpg 768w, https:\/\/www.otticamalalan.it\/wp-content\/uploads\/2021\/06\/2021_05_Optika_Malalan-5249-1536x1025.jpg 1536w, https:\/\/www.otticamalalan.it\/wp-content\/uploads\/2021\/06\/2021_05_Optika_Malalan-5249.jpg 2000w\" sizes=\"(max-width: 300px) 100vw, 300px\" \/><\/a>\n\t\t\t<\/dt><\/dl><dl class='gallery-item'>\n\t\t\t<dt class='gallery-icon portrait'>\n\t\t\t\t<a href='https:\/\/www.otticamalalan.it\/wp-content\/uploads\/2021\/06\/2021_05_Optika_Malalan-5233.jpg'><img loading=\"lazy\" decoding=\"async\" width=\"200\" height=\"300\" src=\"https:\/\/www.otticamalalan.it\/wp-content\/uploads\/2021\/06\/2021_05_Optika_Malalan-5233-200x300.jpg\" class=\"attachment-medium size-medium\" alt=\"\" srcset=\"https:\/\/www.otticamalalan.it\/wp-content\/uploads\/2021\/06\/2021_05_Optika_Malalan-5233-200x300.jpg 200w, https:\/\/www.otticamalalan.it\/wp-content\/uploads\/2021\/06\/2021_05_Optika_Malalan-5233-683x1024.jpg 683w, https:\/\/www.otticamalalan.it\/wp-content\/uploads\/2021\/06\/2021_05_Optika_Malalan-5233-768x1151.jpg 768w, https:\/\/www.otticamalalan.it\/wp-content\/uploads\/2021\/06\/2021_05_Optika_Malalan-5233-1025x1536.jpg 1025w, https:\/\/www.otticamalalan.it\/wp-content\/uploads\/2021\/06\/2021_05_Optika_Malalan-5233.jpg 1334w\" sizes=\"(max-width: 200px) 100vw, 200px\" \/><\/a>\n\t\t\t<\/dt><\/dl><br style=\"clear: both\" \/>\n\t\t<\/div>\n\n","protected":false},"excerpt":{"rendered":"<p>Le lenti sono l\u2019elemento pi\u00f9 importante di un paio di occhiali in quanto sono fondamentali per assicurare la migliore visione possibile. Ma, prima di essere montate sull\u2019occhiale, devono compiere un lungo percorso. Una volta determinata la prescrizione, le lenti vengo prodotte In laboratorio. Il \u2018viaggio \u2018 della lente, consiste essenzialmente di sette tappe: &nbsp; 1.Preparazione [&hellip;]<\/p>\n","protected":false},"author":1,"featured_media":0,"parent":0,"menu_order":0,"comment_status":"closed","ping_status":"closed","template":"","meta":{"_acf_changed":false,"inline_featured_image":false,"footnotes":""},"acf":[],"yoast_head":"<!-- This site is optimized with the Yoast SEO plugin v22.3 - https:\/\/yoast.com\/wordpress\/plugins\/seo\/ -->\n<title>Come vengono prodotte le lenti per gli occhiali? - Malalan<\/title>\n<meta name=\"robots\" content=\"index, follow, max-snippet:-1, max-image-preview:large, max-video-preview:-1\" \/>\n<link rel=\"canonical\" href=\"https:\/\/www.otticamalalan.it\/kako-so-narejene-lece-za-ocala\/\" \/>\n<meta property=\"og:locale\" content=\"it_IT\" \/>\n<meta property=\"og:type\" content=\"article\" \/>\n<meta property=\"og:title\" content=\"Come vengono prodotte le lenti per gli occhiali? - Malalan\" \/>\n<meta property=\"og:description\" content=\"Le lenti sono l\u2019elemento pi\u00f9 importante di un paio di occhiali in quanto sono fondamentali per assicurare la migliore visione possibile. Ma, prima di essere montate sull\u2019occhiale, devono compiere un lungo percorso. Una volta determinata la prescrizione, le lenti vengo prodotte In laboratorio. Il \u2018viaggio \u2018 della lente, consiste essenzialmente di sette tappe: &nbsp; 1.Preparazione [&hellip;]\" \/>\n<meta property=\"og:url\" content=\"https:\/\/www.otticamalalan.it\/kako-so-narejene-lece-za-ocala\/\" \/>\n<meta property=\"og:site_name\" content=\"Malalan\" \/>\n<meta property=\"article:modified_time\" content=\"2021-07-06T11:42:09+00:00\" \/>\n<meta property=\"og:image\" content=\"https:\/\/www.otticamalalan.it\/wp-content\/uploads\/2021\/06\/2021_05_Optika_Malalan-5258-300x200.jpg\" \/>\n<meta name=\"twitter:card\" content=\"summary_large_image\" \/>\n<meta name=\"twitter:label1\" content=\"Tempo di lettura stimato\" \/>\n\t<meta name=\"twitter:data1\" content=\"3 minuti\" \/>\n<script type=\"application\/ld+json\" class=\"yoast-schema-graph\">{\"@context\":\"https:\/\/schema.org\",\"@graph\":[{\"@type\":\"WebPage\",\"@id\":\"https:\/\/www.otticamalalan.it\/kako-so-narejene-lece-za-ocala\/\",\"url\":\"https:\/\/www.otticamalalan.it\/kako-so-narejene-lece-za-ocala\/\",\"name\":\"Come vengono prodotte le lenti per gli occhiali? - Malalan\",\"isPartOf\":{\"@id\":\"https:\/\/www.otticamalalan.it\/#website\"},\"datePublished\":\"2021-02-03T10:21:10+00:00\",\"dateModified\":\"2021-07-06T11:42:09+00:00\",\"breadcrumb\":{\"@id\":\"https:\/\/www.otticamalalan.it\/kako-so-narejene-lece-za-ocala\/#breadcrumb\"},\"inLanguage\":\"it-IT\",\"potentialAction\":[{\"@type\":\"ReadAction\",\"target\":[\"https:\/\/www.otticamalalan.it\/kako-so-narejene-lece-za-ocala\/\"]}]},{\"@type\":\"BreadcrumbList\",\"@id\":\"https:\/\/www.otticamalalan.it\/kako-so-narejene-lece-za-ocala\/#breadcrumb\",\"itemListElement\":[{\"@type\":\"ListItem\",\"position\":1,\"name\":\"Home\",\"item\":\"https:\/\/www.otticamalalan.it\/it\/\"},{\"@type\":\"ListItem\",\"position\":2,\"name\":\"Come vengono prodotte le lenti per gli occhiali?\"}]},{\"@type\":\"WebSite\",\"@id\":\"https:\/\/www.otticamalalan.it\/#website\",\"url\":\"https:\/\/www.otticamalalan.it\/\",\"name\":\"Malalan\",\"description\":\"Dobrodo\u0161li!\",\"potentialAction\":[{\"@type\":\"SearchAction\",\"target\":{\"@type\":\"EntryPoint\",\"urlTemplate\":\"https:\/\/www.otticamalalan.it\/?s={search_term_string}\"},\"query-input\":\"required name=search_term_string\"}],\"inLanguage\":\"it-IT\"}]}<\/script>\n<!-- \/ Yoast SEO plugin. -->","yoast_head_json":{"title":"Come vengono prodotte le lenti per gli occhiali? - Malalan","robots":{"index":"index","follow":"follow","max-snippet":"max-snippet:-1","max-image-preview":"max-image-preview:large","max-video-preview":"max-video-preview:-1"},"canonical":"https:\/\/www.otticamalalan.it\/kako-so-narejene-lece-za-ocala\/","og_locale":"it_IT","og_type":"article","og_title":"Come vengono prodotte le lenti per gli occhiali? - Malalan","og_description":"Le lenti sono l\u2019elemento pi\u00f9 importante di un paio di occhiali in quanto sono fondamentali per assicurare la migliore visione possibile. Ma, prima di essere montate sull\u2019occhiale, devono compiere un lungo percorso. Una volta determinata la prescrizione, le lenti vengo prodotte In laboratorio. Il \u2018viaggio \u2018 della lente, consiste essenzialmente di sette tappe: &nbsp; 1.Preparazione [&hellip;]","og_url":"https:\/\/www.otticamalalan.it\/kako-so-narejene-lece-za-ocala\/","og_site_name":"Malalan","article_modified_time":"2021-07-06T11:42:09+00:00","og_image":[{"url":"https:\/\/www.otticamalalan.it\/wp-content\/uploads\/2021\/06\/2021_05_Optika_Malalan-5258-300x200.jpg"}],"twitter_card":"summary_large_image","twitter_misc":{"Tempo di lettura stimato":"3 minuti"},"schema":{"@context":"https:\/\/schema.org","@graph":[{"@type":"WebPage","@id":"https:\/\/www.otticamalalan.it\/kako-so-narejene-lece-za-ocala\/","url":"https:\/\/www.otticamalalan.it\/kako-so-narejene-lece-za-ocala\/","name":"Come vengono prodotte le lenti per gli occhiali? - Malalan","isPartOf":{"@id":"https:\/\/www.otticamalalan.it\/#website"},"datePublished":"2021-02-03T10:21:10+00:00","dateModified":"2021-07-06T11:42:09+00:00","breadcrumb":{"@id":"https:\/\/www.otticamalalan.it\/kako-so-narejene-lece-za-ocala\/#breadcrumb"},"inLanguage":"it-IT","potentialAction":[{"@type":"ReadAction","target":["https:\/\/www.otticamalalan.it\/kako-so-narejene-lece-za-ocala\/"]}]},{"@type":"BreadcrumbList","@id":"https:\/\/www.otticamalalan.it\/kako-so-narejene-lece-za-ocala\/#breadcrumb","itemListElement":[{"@type":"ListItem","position":1,"name":"Home","item":"https:\/\/www.otticamalalan.it\/it\/"},{"@type":"ListItem","position":2,"name":"Come vengono prodotte le lenti per gli occhiali?"}]},{"@type":"WebSite","@id":"https:\/\/www.otticamalalan.it\/#website","url":"https:\/\/www.otticamalalan.it\/","name":"Malalan","description":"Dobrodo\u0161li!","potentialAction":[{"@type":"SearchAction","target":{"@type":"EntryPoint","urlTemplate":"https:\/\/www.otticamalalan.it\/?s={search_term_string}"},"query-input":"required name=search_term_string"}],"inLanguage":"it-IT"}]}},"_links":{"self":[{"href":"https:\/\/www.otticamalalan.it\/it\/wp-json\/wp\/v2\/pages\/444"}],"collection":[{"href":"https:\/\/www.otticamalalan.it\/it\/wp-json\/wp\/v2\/pages"}],"about":[{"href":"https:\/\/www.otticamalalan.it\/it\/wp-json\/wp\/v2\/types\/page"}],"author":[{"embeddable":true,"href":"https:\/\/www.otticamalalan.it\/it\/wp-json\/wp\/v2\/users\/1"}],"replies":[{"embeddable":true,"href":"https:\/\/www.otticamalalan.it\/it\/wp-json\/wp\/v2\/comments?post=444"}],"version-history":[{"count":4,"href":"https:\/\/www.otticamalalan.it\/it\/wp-json\/wp\/v2\/pages\/444\/revisions"}],"predecessor-version":[{"id":695,"href":"https:\/\/www.otticamalalan.it\/it\/wp-json\/wp\/v2\/pages\/444\/revisions\/695"}],"wp:attachment":[{"href":"https:\/\/www.otticamalalan.it\/it\/wp-json\/wp\/v2\/media?parent=444"}],"curies":[{"name":"wp","href":"https:\/\/api.w.org\/{rel}","templated":true}]}}