{"id":441,"date":"2021-02-03T10:25:03","date_gmt":"2021-02-03T10:25:03","guid":{"rendered":"https:\/\/www.otticamalalan.it\/zakaj-soncna-ocala\/"},"modified":"2021-04-17T07:17:03","modified_gmt":"2021-04-17T07:17:03","slug":"zakaj-soncna-ocala","status":"publish","type":"page","link":"https:\/\/www.otticamalalan.it\/it\/zakaj-soncna-ocala\/","title":{"rendered":"L\u2019importanza degli occhiali da sole"},"content":{"rendered":"<p>Un buon paio di occhiali da sole (o vista sole) pu\u00f2 completare il tuo stile e farti sentire bene. Ma i migliori occhiali da sole sono molto pi\u00f9 di un accessorio di moda. Assicurano infatti che i tuoi occhi siano perfettamente protetti dai rischi causati dall&#8217;esposizione ai raggi UV del sole.<\/p>\n<p>&nbsp;<\/p>\n<p><em><strong>Quali sono i pericoli dell&#8217;esposizione ai raggi UV sui tuoi occhi?<\/strong><\/em><\/p>\n<p>&nbsp;<\/p>\n<p>Siamo tutti consapevoli dei pericoli che i raggi UV possono comportare per la nostra pelle. Nessun giorno soleggiato \u00e8 completo senza protezione solare. La consapevolezza \u00e8 cos\u00ec alta che molte persone usano la protezione solare ogni giorno ed \u00e8 ora contenuta in molti prodotti per la cura della pelle<\/p>\n<p>&nbsp;<\/p>\n<p>I nostri occhi sono 10 volte pi\u00f9 sensibili ai raggi UV della nostra pelle, ma soloi una piccola percentuale della popolazione \u00e8 consapevole dei rischi dei raggi UV per i loro occhi(1). Non \u00e8 solo la luce diretta a causare un problema. Infatti oltre il 50% della radiazione UV che arriva ai nostri occhi \u00e8 indiretta, riflessa da superfici come la strada bagnata o da un marciapiede.<\/p>\n<p>&nbsp;<\/p>\n<p><strong><em>Qual \u00e8 la differenza tra i raggi UVA e UVB?<\/em><\/strong><\/p>\n<p>&nbsp;<\/p>\n<p>Esistono due tipi principali di raggi UV che danneggiano gli occhi e la pelle: onde di UVA e UVB.<\/p>\n<p>I raggi UVA rappresentano circa il 95% della radiazione UV che ci raggiunge (2).<\/p>\n<p>L&#8217;esposizione a lungo termine ai raggi UVA \u00e8 stata collegata allo sviluppo di alcune patologie oculari e pu\u00f2 anche danneggiare seriamente la delicata pelle intorno agli occhi.<\/p>\n<p>&nbsp;<\/p>\n<p>L&#8217;UVB \u00e8 necessario in piccole quantit\u00e0 per aumentare i nostri livelli di vitamina D, ma \u00e8 anche la principale causa di scottature solari e invecchiamento precoce della pelle. Per i bambini e i giovani, i raggi UV possono essere ancora pi\u00f9 dannosi. L&#8217;Organizzazione mondiale della sanit\u00e0 informa che i bambini di et\u00e0 inferiore ai 10 anni sono i pi\u00f9 suscettibili ai danni e si stima che l&#8217;80% dell&#8217;esposizione di una persona ai raggi UV venga ricevuta prima dei 18 anni.<\/p>\n<p>&nbsp;<\/p>\n<p><em><strong>Come proteggersi al meglio dai danni provocati dai raggi UV?<\/strong><\/em><\/p>\n<p>Ci sono alcuni semplici passaggi che puoi fare per assicurarti che i tuoi occhi siano ben protetti dai raggi UV:<\/p>\n<p>&nbsp;<\/p>\n<p>-Assicurati di scegliere occhiali da sole con marchio CE e bloccare almeno il 95% dei raggi UV. Gli occhiali da sole UV400 bloccheranno tutta la luce ultravioletta (tutta la luce con una lunghezza d&#8217;onda di circa 400 nanometri), che include sia UVA che UVB.<\/p>\n<p>-Indossa gli occhiali da sole il pi\u00f9 spesso possibile all&#8217;esterno, anche nei giorni nuvolosi.<\/p>\n<p>-Anche i bambini hanno bisogno di occhiali da sole! Assicurati che gli occhiali da sole per bambini siano adeguatamente classificati ai raggi UV, poich\u00e9 molti occhiali da sole giocattolo non offrono una protezione adeguata.<\/p>\n<p>-Indossa occhiali da sole adatti al tuo stile di vita. Non dovrebbero essere scomodi o difficili da indossare.<\/p>\n<p>&nbsp;<\/p>\n<p>Fonti:<\/p>\n<p>(1) Transitions UK. Transitions European Study, 2008<\/p>\n<p>(2) https:\/\/www.skincancer.org\/prevention\/uva-and-uvb<\/p>\n","protected":false},"excerpt":{"rendered":"<p>Un buon paio di occhiali da sole (o vista sole) pu\u00f2 completare il tuo stile e farti sentire bene. Ma i migliori occhiali da sole sono molto pi\u00f9 di un accessorio di moda. Assicurano infatti che i tuoi occhi siano perfettamente protetti dai rischi causati dall&#8217;esposizione ai raggi UV del sole. &nbsp; Quali sono i [&hellip;]<\/p>\n","protected":false},"author":1,"featured_media":0,"parent":0,"menu_order":0,"comment_status":"closed","ping_status":"closed","template":"","meta":{"_acf_changed":false,"inline_featured_image":false,"footnotes":""},"acf":[],"yoast_head":"<!-- This site is optimized with the Yoast SEO plugin v22.3 - https:\/\/yoast.com\/wordpress\/plugins\/seo\/ -->\n<title>L\u2019importanza degli occhiali da sole - Malalan<\/title>\n<meta name=\"robots\" content=\"index, follow, max-snippet:-1, max-image-preview:large, max-video-preview:-1\" \/>\n<link rel=\"canonical\" href=\"https:\/\/www.otticamalalan.it\/zakaj-soncna-ocala\/\" \/>\n<meta property=\"og:locale\" content=\"it_IT\" \/>\n<meta property=\"og:type\" content=\"article\" \/>\n<meta property=\"og:title\" content=\"L\u2019importanza degli occhiali da sole - Malalan\" \/>\n<meta property=\"og:description\" content=\"Un buon paio di occhiali da sole (o vista sole) pu\u00f2 completare il tuo stile e farti sentire bene. Ma i migliori occhiali da sole sono molto pi\u00f9 di un accessorio di moda. Assicurano infatti che i tuoi occhi siano perfettamente protetti dai rischi causati dall&#8217;esposizione ai raggi UV del sole. &nbsp; Quali sono i [&hellip;]\" \/>\n<meta property=\"og:url\" content=\"https:\/\/www.otticamalalan.it\/zakaj-soncna-ocala\/\" \/>\n<meta property=\"og:site_name\" content=\"Malalan\" \/>\n<meta property=\"article:modified_time\" content=\"2021-04-17T07:17:03+00:00\" \/>\n<meta name=\"twitter:card\" content=\"summary_large_image\" \/>\n<meta name=\"twitter:label1\" content=\"Tempo di lettura stimato\" \/>\n\t<meta name=\"twitter:data1\" content=\"2 minuti\" \/>\n<script type=\"application\/ld+json\" class=\"yoast-schema-graph\">{\"@context\":\"https:\/\/schema.org\",\"@graph\":[{\"@type\":\"WebPage\",\"@id\":\"https:\/\/www.otticamalalan.it\/zakaj-soncna-ocala\/\",\"url\":\"https:\/\/www.otticamalalan.it\/zakaj-soncna-ocala\/\",\"name\":\"L\u2019importanza degli occhiali da sole - Malalan\",\"isPartOf\":{\"@id\":\"https:\/\/www.otticamalalan.it\/#website\"},\"datePublished\":\"2021-02-03T10:25:03+00:00\",\"dateModified\":\"2021-04-17T07:17:03+00:00\",\"breadcrumb\":{\"@id\":\"https:\/\/www.otticamalalan.it\/zakaj-soncna-ocala\/#breadcrumb\"},\"inLanguage\":\"it-IT\",\"potentialAction\":[{\"@type\":\"ReadAction\",\"target\":[\"https:\/\/www.otticamalalan.it\/zakaj-soncna-ocala\/\"]}]},{\"@type\":\"BreadcrumbList\",\"@id\":\"https:\/\/www.otticamalalan.it\/zakaj-soncna-ocala\/#breadcrumb\",\"itemListElement\":[{\"@type\":\"ListItem\",\"position\":1,\"name\":\"Home\",\"item\":\"https:\/\/www.otticamalalan.it\/it\/\"},{\"@type\":\"ListItem\",\"position\":2,\"name\":\"L\u2019importanza degli occhiali da sole\"}]},{\"@type\":\"WebSite\",\"@id\":\"https:\/\/www.otticamalalan.it\/#website\",\"url\":\"https:\/\/www.otticamalalan.it\/\",\"name\":\"Malalan\",\"description\":\"Dobrodo\u0161li!\",\"potentialAction\":[{\"@type\":\"SearchAction\",\"target\":{\"@type\":\"EntryPoint\",\"urlTemplate\":\"https:\/\/www.otticamalalan.it\/?s={search_term_string}\"},\"query-input\":\"required name=search_term_string\"}],\"inLanguage\":\"it-IT\"}]}<\/script>\n<!-- \/ Yoast SEO plugin. -->","yoast_head_json":{"title":"L\u2019importanza degli occhiali da sole - Malalan","robots":{"index":"index","follow":"follow","max-snippet":"max-snippet:-1","max-image-preview":"max-image-preview:large","max-video-preview":"max-video-preview:-1"},"canonical":"https:\/\/www.otticamalalan.it\/zakaj-soncna-ocala\/","og_locale":"it_IT","og_type":"article","og_title":"L\u2019importanza degli occhiali da sole - Malalan","og_description":"Un buon paio di occhiali da sole (o vista sole) pu\u00f2 completare il tuo stile e farti sentire bene. Ma i migliori occhiali da sole sono molto pi\u00f9 di un accessorio di moda. Assicurano infatti che i tuoi occhi siano perfettamente protetti dai rischi causati dall&#8217;esposizione ai raggi UV del sole. &nbsp; Quali sono i [&hellip;]","og_url":"https:\/\/www.otticamalalan.it\/zakaj-soncna-ocala\/","og_site_name":"Malalan","article_modified_time":"2021-04-17T07:17:03+00:00","twitter_card":"summary_large_image","twitter_misc":{"Tempo di lettura stimato":"2 minuti"},"schema":{"@context":"https:\/\/schema.org","@graph":[{"@type":"WebPage","@id":"https:\/\/www.otticamalalan.it\/zakaj-soncna-ocala\/","url":"https:\/\/www.otticamalalan.it\/zakaj-soncna-ocala\/","name":"L\u2019importanza degli occhiali da sole - Malalan","isPartOf":{"@id":"https:\/\/www.otticamalalan.it\/#website"},"datePublished":"2021-02-03T10:25:03+00:00","dateModified":"2021-04-17T07:17:03+00:00","breadcrumb":{"@id":"https:\/\/www.otticamalalan.it\/zakaj-soncna-ocala\/#breadcrumb"},"inLanguage":"it-IT","potentialAction":[{"@type":"ReadAction","target":["https:\/\/www.otticamalalan.it\/zakaj-soncna-ocala\/"]}]},{"@type":"BreadcrumbList","@id":"https:\/\/www.otticamalalan.it\/zakaj-soncna-ocala\/#breadcrumb","itemListElement":[{"@type":"ListItem","position":1,"name":"Home","item":"https:\/\/www.otticamalalan.it\/it\/"},{"@type":"ListItem","position":2,"name":"L\u2019importanza degli occhiali da sole"}]},{"@type":"WebSite","@id":"https:\/\/www.otticamalalan.it\/#website","url":"https:\/\/www.otticamalalan.it\/","name":"Malalan","description":"Dobrodo\u0161li!","potentialAction":[{"@type":"SearchAction","target":{"@type":"EntryPoint","urlTemplate":"https:\/\/www.otticamalalan.it\/?s={search_term_string}"},"query-input":"required name=search_term_string"}],"inLanguage":"it-IT"}]}},"_links":{"self":[{"href":"https:\/\/www.otticamalalan.it\/it\/wp-json\/wp\/v2\/pages\/441"}],"collection":[{"href":"https:\/\/www.otticamalalan.it\/it\/wp-json\/wp\/v2\/pages"}],"about":[{"href":"https:\/\/www.otticamalalan.it\/it\/wp-json\/wp\/v2\/types\/page"}],"author":[{"embeddable":true,"href":"https:\/\/www.otticamalalan.it\/it\/wp-json\/wp\/v2\/users\/1"}],"replies":[{"embeddable":true,"href":"https:\/\/www.otticamalalan.it\/it\/wp-json\/wp\/v2\/comments?post=441"}],"version-history":[{"count":2,"href":"https:\/\/www.otticamalalan.it\/it\/wp-json\/wp\/v2\/pages\/441\/revisions"}],"predecessor-version":[{"id":625,"href":"https:\/\/www.otticamalalan.it\/it\/wp-json\/wp\/v2\/pages\/441\/revisions\/625"}],"wp:attachment":[{"href":"https:\/\/www.otticamalalan.it\/it\/wp-json\/wp\/v2\/media?parent=441"}],"curies":[{"name":"wp","href":"https:\/\/api.w.org\/{rel}","templated":true}]}}