{"id":440,"date":"2021-02-03T10:27:38","date_gmt":"2021-02-03T10:27:38","guid":{"rendered":"https:\/\/www.otticamalalan.it\/baza-znanja\/"},"modified":"2022-11-21T09:05:49","modified_gmt":"2022-11-21T09:05:49","slug":"baza-znanja","status":"publish","type":"page","link":"https:\/\/www.otticamalalan.it\/it\/baza-znanja\/","title":{"rendered":"Knowledge base"},"content":{"rendered":"<h2>Ambliopia<\/h2>\n<p>L\u2019ambliopia \u00e8 un termine per ipovisione di uno o entrambi gli occhi, chiamato anche &#8220;occhio pigro&#8221;. Questo di solito \u00e8 dovuto al fatto di non usare un occhio perch\u00e9 il cervello preferisce un occhio all\u2019 un altro. Nella maggior parte dei casi, l&#8217;occhio \u00e8 sano, ma \u00e8 diverso in alcuni aspetti e quindi viene preferito un occhio rispetto all&#8217;altro.<\/p>\n<h2>Astigmatismo<\/h2>\n<p>L&#8217;astigmatismo \u00e8 un difetto visivo che deriva da una forma irregolare della cornea o del cristallino.<\/p>\n<p>Invece di essere sferica, la cornea deli soggetti astigmatici ha una forma allungata e questo provoca un errore di rifrazione, cio\u00e8 una distorsione della luce che penetra nell&#8217;occhio. Di conseguenza, le immagini appaiono sfocate.<\/p>\n<p>In poche parole, l\u2019occhio \u00e8 pi\u00f9 simile ad un pallone da rugby che uno da calcio!<\/p>\n<p>Come si pu\u00f2 correggere l&#8217;astigmatismo?<\/p>\n<p>\u00c8 possibile correggere la maggior parte delle forme di astigmatismo e le soluzioni sono diverse:<\/p>\n<ul>\n<li>Occhiali<\/li>\n<li>Lenti a contatto<\/li>\n<li>Operazione LASIK<\/li>\n<\/ul>\n<h2>Ipermetropia<\/h2>\n<p>Ipermetropia \u00e8 un termine comune per un difetto visiva caratterizzato da visione offuscata di oggetti vicini e visione chiara di oggetti distanti.<\/p>\n<p>Se sei ipermetrope, la luce che passa attraverso la pupilla non si concentra correttamente sulla retina. Ci\u00f2 pu\u00f2 essere dovuto al fatto che l&#8217;occhio \u00e8 pi\u00f9 corto del solito: le immagini sono quindi dirette verso la retina. In questo caso, i volti dei giornali nelle mani appaiono sfocati mentre gli oggetti distanti sono a fuoco.<\/p>\n<h2>Visione doppia<\/h2>\n<p>Come suggerisce il nome, si ha visione doppia quando una persona vede due oggetti anzich\u00e9 uno. In diverse occasioni si verifica una visione doppia con visione offuscata, che confonde comprensibilmente chiunque abbia questo tipo di problema. Esistono diversi motivi che causano visione doppia:<\/p>\n<p>Il primo \u00e8 l&#8217;incapacit\u00e0 di guardare l&#8217;oggetto con entrambi gli occhi, una condizione chiamata strabismo. In una visione sana, entrambi gli occhi guardano lo stesso oggetto. Le immagini viste da entrambi gli occhi si fondono in una sola nel cervello. Se gli occhi non guardano lo stesso oggetto, l&#8217;immagine vista dal singolo occhio \u00e8 diversa e non pu\u00f2 essere unita. Il risultato \u00e8 una visione doppia, che pu\u00f2 essere causata da un danno muscolare intorno all&#8217;occhio. Un altro motivo potrebbe essere che la luce diottrica di due oggetti \u00e8 affollata in due immagini a causa di un difetto nel sistema ottico dell&#8217;occhio.<\/p>\n<p>Il trattamento a doppia visione pu\u00f2 includere esercizi per gli occhi, allineamento chirurgico degli occhi o una combinazione di entrambi.<\/p>\n<h2>Miopia<\/h2>\n<p>La miopia \u00e8 un difetto visivo caratterizzato da una chiara visione degli oggetti vicini e una visione sfocata degli oggetti distanti.<\/p>\n<p>Nella miopia, la luce che penetra nell&#8217;occhio focalizza l&#8217;immagine degli oggetti davanti alla retina piuttosto che sulla retina.<\/p>\n<p>Come si pu\u00f2 correggere la miopia?<\/p>\n<p>Gli occhiali per miopia sono una delle opzioni per rimediare alla vista offuscata da lontano. Se hai pi\u00f9 di 40 anni, l&#8217;obiettivo multifocale pu\u00f2 anche essere un&#8217;opzione adatta, che ti consente di vedere chiaramente sia gli oggetti pi\u00f9 lontani che quelli pi\u00f9 vicini.<\/p>\n<h2>Presbiopia<\/h2>\n<p>La presbiopia \u00e8 una condizione che colpisce tutte le persone oltre l\u2019et\u00e0 compresa tra 40 e 45 anni ed \u00e8 caratterizzata da una visione sfocata degli oggetti vicini.<\/p>\n<p>Nell&#8217;occhio, appena sotto l&#8217;iride, c&#8217;\u00e8 una lente cristallina che aiuta a riflettere la luce, cio\u00e8 converge negli occhi per trasmetterla sulla retina. Puoi pensarlo come un obiettivo fotografico che regola la messa a fuoco. Con l&#8217;invecchiamento, la lente perde gradualmente elasticit\u00e0 e questa condizione continua a peggiorare fino a 60 anni. Questo indurimento impedisce all&#8217;occhio di focalizzarsi correttamente come con un giovane<\/p>\n<h2>Topografia<\/h2>\n<p>La topografia corneale, ci fornisce una rappresentazione grafica della curvatura della cornea, la parte frontale dell\u2019occhio. Il computer elabora i dati trasformandoli in una mappa colorata. Colori \u201ccaldi\u201d come rosso ed arancione indicano zone di maggior curvatura, mentre colori \u201cfreddi\u201d come il blu rappresentano zone di minor curvatura, in modo simile a una mappa topografica della terra che mostra i cambiamenti nella superficie del terreno.<\/p>\n<p>Questo test non invasivo \u00e8 indispensabile per l\u2019applicazione di alcuni tipi di lenti a contatto e pu\u00f2 evidenziare alcune anomalie della cornea, in modo da riferire il paziente per tempo al medico oculista.<\/p>\n","protected":false},"excerpt":{"rendered":"<p>Ambliopia L\u2019ambliopia \u00e8 un termine per ipovisione di uno o entrambi gli occhi, chiamato anche &#8220;occhio pigro&#8221;. Questo di solito \u00e8 dovuto al fatto di non usare un occhio perch\u00e9 il cervello preferisce un occhio all\u2019 un altro. Nella maggior parte dei casi, l&#8217;occhio \u00e8 sano, ma \u00e8 diverso in alcuni aspetti e quindi viene [&hellip;]<\/p>\n","protected":false},"author":1,"featured_media":0,"parent":0,"menu_order":0,"comment_status":"closed","ping_status":"closed","template":"","meta":{"_acf_changed":false,"inline_featured_image":false,"footnotes":""},"acf":[],"yoast_head":"<!-- This site is optimized with the Yoast SEO plugin v22.3 - https:\/\/yoast.com\/wordpress\/plugins\/seo\/ -->\n<title>Knowledge base - Malalan<\/title>\n<meta name=\"robots\" content=\"index, follow, max-snippet:-1, max-image-preview:large, max-video-preview:-1\" \/>\n<link rel=\"canonical\" href=\"https:\/\/www.otticamalalan.it\/baza-znanja\/\" \/>\n<meta property=\"og:locale\" content=\"it_IT\" \/>\n<meta property=\"og:type\" content=\"article\" \/>\n<meta property=\"og:title\" content=\"Knowledge base - Malalan\" \/>\n<meta property=\"og:description\" content=\"Ambliopia L\u2019ambliopia \u00e8 un termine per ipovisione di uno o entrambi gli occhi, chiamato anche &#8220;occhio pigro&#8221;. Questo di solito \u00e8 dovuto al fatto di non usare un occhio perch\u00e9 il cervello preferisce un occhio all\u2019 un altro. Nella maggior parte dei casi, l&#8217;occhio \u00e8 sano, ma \u00e8 diverso in alcuni aspetti e quindi viene [&hellip;]\" \/>\n<meta property=\"og:url\" content=\"https:\/\/www.otticamalalan.it\/baza-znanja\/\" \/>\n<meta property=\"og:site_name\" content=\"Malalan\" \/>\n<meta property=\"article:modified_time\" content=\"2022-11-21T09:05:49+00:00\" \/>\n<meta name=\"twitter:card\" content=\"summary_large_image\" \/>\n<meta name=\"twitter:label1\" content=\"Tempo di lettura stimato\" \/>\n\t<meta name=\"twitter:data1\" content=\"3 minuti\" \/>\n<script type=\"application\/ld+json\" class=\"yoast-schema-graph\">{\"@context\":\"https:\/\/schema.org\",\"@graph\":[{\"@type\":\"WebPage\",\"@id\":\"https:\/\/www.otticamalalan.it\/baza-znanja\/\",\"url\":\"https:\/\/www.otticamalalan.it\/baza-znanja\/\",\"name\":\"Knowledge base - Malalan\",\"isPartOf\":{\"@id\":\"https:\/\/www.otticamalalan.it\/#website\"},\"datePublished\":\"2021-02-03T10:27:38+00:00\",\"dateModified\":\"2022-11-21T09:05:49+00:00\",\"breadcrumb\":{\"@id\":\"https:\/\/www.otticamalalan.it\/baza-znanja\/#breadcrumb\"},\"inLanguage\":\"it-IT\",\"potentialAction\":[{\"@type\":\"ReadAction\",\"target\":[\"https:\/\/www.otticamalalan.it\/baza-znanja\/\"]}]},{\"@type\":\"BreadcrumbList\",\"@id\":\"https:\/\/www.otticamalalan.it\/baza-znanja\/#breadcrumb\",\"itemListElement\":[{\"@type\":\"ListItem\",\"position\":1,\"name\":\"Home\",\"item\":\"https:\/\/www.otticamalalan.it\/it\/\"},{\"@type\":\"ListItem\",\"position\":2,\"name\":\"Knowledge base\"}]},{\"@type\":\"WebSite\",\"@id\":\"https:\/\/www.otticamalalan.it\/#website\",\"url\":\"https:\/\/www.otticamalalan.it\/\",\"name\":\"Malalan\",\"description\":\"Dobrodo\u0161li!\",\"potentialAction\":[{\"@type\":\"SearchAction\",\"target\":{\"@type\":\"EntryPoint\",\"urlTemplate\":\"https:\/\/www.otticamalalan.it\/?s={search_term_string}\"},\"query-input\":\"required name=search_term_string\"}],\"inLanguage\":\"it-IT\"}]}<\/script>\n<!-- \/ Yoast SEO plugin. -->","yoast_head_json":{"title":"Knowledge base - Malalan","robots":{"index":"index","follow":"follow","max-snippet":"max-snippet:-1","max-image-preview":"max-image-preview:large","max-video-preview":"max-video-preview:-1"},"canonical":"https:\/\/www.otticamalalan.it\/baza-znanja\/","og_locale":"it_IT","og_type":"article","og_title":"Knowledge base - Malalan","og_description":"Ambliopia L\u2019ambliopia \u00e8 un termine per ipovisione di uno o entrambi gli occhi, chiamato anche &#8220;occhio pigro&#8221;. Questo di solito \u00e8 dovuto al fatto di non usare un occhio perch\u00e9 il cervello preferisce un occhio all\u2019 un altro. Nella maggior parte dei casi, l&#8217;occhio \u00e8 sano, ma \u00e8 diverso in alcuni aspetti e quindi viene [&hellip;]","og_url":"https:\/\/www.otticamalalan.it\/baza-znanja\/","og_site_name":"Malalan","article_modified_time":"2022-11-21T09:05:49+00:00","twitter_card":"summary_large_image","twitter_misc":{"Tempo di lettura stimato":"3 minuti"},"schema":{"@context":"https:\/\/schema.org","@graph":[{"@type":"WebPage","@id":"https:\/\/www.otticamalalan.it\/baza-znanja\/","url":"https:\/\/www.otticamalalan.it\/baza-znanja\/","name":"Knowledge base - Malalan","isPartOf":{"@id":"https:\/\/www.otticamalalan.it\/#website"},"datePublished":"2021-02-03T10:27:38+00:00","dateModified":"2022-11-21T09:05:49+00:00","breadcrumb":{"@id":"https:\/\/www.otticamalalan.it\/baza-znanja\/#breadcrumb"},"inLanguage":"it-IT","potentialAction":[{"@type":"ReadAction","target":["https:\/\/www.otticamalalan.it\/baza-znanja\/"]}]},{"@type":"BreadcrumbList","@id":"https:\/\/www.otticamalalan.it\/baza-znanja\/#breadcrumb","itemListElement":[{"@type":"ListItem","position":1,"name":"Home","item":"https:\/\/www.otticamalalan.it\/it\/"},{"@type":"ListItem","position":2,"name":"Knowledge base"}]},{"@type":"WebSite","@id":"https:\/\/www.otticamalalan.it\/#website","url":"https:\/\/www.otticamalalan.it\/","name":"Malalan","description":"Dobrodo\u0161li!","potentialAction":[{"@type":"SearchAction","target":{"@type":"EntryPoint","urlTemplate":"https:\/\/www.otticamalalan.it\/?s={search_term_string}"},"query-input":"required name=search_term_string"}],"inLanguage":"it-IT"}]}},"_links":{"self":[{"href":"https:\/\/www.otticamalalan.it\/it\/wp-json\/wp\/v2\/pages\/440"}],"collection":[{"href":"https:\/\/www.otticamalalan.it\/it\/wp-json\/wp\/v2\/pages"}],"about":[{"href":"https:\/\/www.otticamalalan.it\/it\/wp-json\/wp\/v2\/types\/page"}],"author":[{"embeddable":true,"href":"https:\/\/www.otticamalalan.it\/it\/wp-json\/wp\/v2\/users\/1"}],"replies":[{"embeddable":true,"href":"https:\/\/www.otticamalalan.it\/it\/wp-json\/wp\/v2\/comments?post=440"}],"version-history":[{"count":4,"href":"https:\/\/www.otticamalalan.it\/it\/wp-json\/wp\/v2\/pages\/440\/revisions"}],"predecessor-version":[{"id":778,"href":"https:\/\/www.otticamalalan.it\/it\/wp-json\/wp\/v2\/pages\/440\/revisions\/778"}],"wp:attachment":[{"href":"https:\/\/www.otticamalalan.it\/it\/wp-json\/wp\/v2\/media?parent=440"}],"curies":[{"name":"wp","href":"https:\/\/api.w.org\/{rel}","templated":true}]}}