{"id":439,"date":"2021-03-03T07:58:34","date_gmt":"2021-03-03T07:58:34","guid":{"rendered":"https:\/\/www.otticamalalan.it\/lastnosti-soncnih-ocal\/"},"modified":"2021-04-16T14:51:29","modified_gmt":"2021-04-16T14:51:29","slug":"lastnosti-soncnih-ocal","status":"publish","type":"page","link":"https:\/\/www.otticamalalan.it\/it\/lastnosti-soncnih-ocal\/","title":{"rendered":"Quali sono le propriet\u00e0 degli occhiali da sole?"},"content":{"rendered":"<p>&nbsp;<\/p>\n<p>Ogni collezione di occhiali da sole inizia con un&#8217;idea. Poich\u00e9 le fonti di ispirazione sono infinite, le idee possono provenire da un&#8217;ampia variet\u00e0 di influenze. Molti designer traggono ispirazione dalla natura, dall&#8217;arte, dall&#8217;architettura o dalla cultura (pop). Gli<\/p>\n<p>occhiali da sole non sono solo un accessorio di moda, hanno determinate propriet\u00e0 che rendono i tuoi occhiali unici.<\/p>\n<p><strong>Quali sono i materiali pi\u00f9 popolari per realizzare occhiali da sole?<\/strong><\/p>\n<p>&nbsp;<\/p>\n<p>\u00c8 disponibile una variet\u00e0 di materiali per realizzare occhiali da sole.<\/p>\n<p>Alcune montature sono in metallo, altre sono in plastica e alcune sono addirittura in legno. La maggior parte delle montature per occhiali sono realizzate in plastica iniettata o acetato.<\/p>\n<p>Una delle principali differenze \u00e8 il modo in cui vengono prodotti questi occhiali da sole. Gli occhiali da sole in plastica sono modellati, mentre le montature in acetato sono ritagliate da assi di acetato. L&#8217;acetato \u00e8 un materiale ottenuto dal cotone, che viene essiccato e macinato in polvere di cellulosa che viene trattata con acido per creare la materia prima che viene quindi pressata in assi di acetato.<\/p>\n<p>&nbsp;<\/p>\n<p><strong>Quali caratteristiche possono avere le lenti dei tuoi occhiali da sole?<\/strong><\/p>\n<p>&nbsp;<\/p>\n<p>1. Antiriflesso interno: un paio di strati di rivestimento sulla superficie concava del dorso dell&#8217;obiettivo che protegge l&#8217;occhio dal bagliore della luce dietro di te.<\/p>\n<p>2. Strato di colorazione: il grigio \u00e8 il migliore per visualizzare i colori reali. Il giallo \u00e8 un esaltatore di contrasto e ideale per le attivit\u00e0 all&#8217;aperto in condizioni di scarsa illuminazione. Il vermiglio (un colore rosa pesca) \u00e8 il migliore per le giornate nuvolose e gli sport come lo sci. Il verde e il marrone sono colori rilassanti che funzionano bene sia con luce bassa che intensa,<\/p>\n<p>3. L&#8217;obiettivo: generalmente realizzato in vetro, plastica o policarbonato. Il vetro fornisce la minima quantit\u00e0 di protezione UV ma \u00e8 il pi\u00f9 resistente ai graffi dei tre. La plastica \u00e8 naturalmente pi\u00f9 efficace nel filtrare i raggi UV ed \u00e8 l&#8217;opzione pi\u00f9 economica, ma \u00e8 la meno resistente. Il policarbonato \u00e8 il pi\u00f9 leggero e durevole ed \u00e8 completamente protettivo dai raggi UV.<\/p>\n<p>4. Strato di polarizzazione: fogli multipli simili a wafer che bloccano i raggi orizzontali (cio\u00e8 i raggi che si riflettono su altre superfici, come l&#8217;acqua) per evitare l&#8217;abbagliamento. Nota interessante: se entrambe le forme di luce orizzontali e verticali fossero bloccate, non saresti in grado di vedere affatto.<\/p>\n<p>5. Rivestimento UV: rivestimento che normalmente filtra due tipi di raggi ultravioletti: A e B.<\/p>\n<p>6. Rivestimento antiriflesso: strati multipli di vari ossidi metallici che riducono l&#8217;abbagliamento e, in alcuni casi, respingono anche l&#8217;acqua.<\/p>\n<p>7. Rivestimento antigraffio: solitamente realizzato in polimero Teflon ultrasottile, un tipo di plastica durevole che previene i graffi sulla superficie della lente.<\/p>\n","protected":false},"excerpt":{"rendered":"<p>&nbsp; Ogni collezione di occhiali da sole inizia con un&#8217;idea. Poich\u00e9 le fonti di ispirazione sono infinite, le idee possono provenire da un&#8217;ampia variet\u00e0 di influenze. Molti designer traggono ispirazione dalla natura, dall&#8217;arte, dall&#8217;architettura o dalla cultura (pop). Gli occhiali da sole non sono solo un accessorio di moda, hanno determinate propriet\u00e0 che rendono i [&hellip;]<\/p>\n","protected":false},"author":1,"featured_media":0,"parent":0,"menu_order":0,"comment_status":"closed","ping_status":"closed","template":"","meta":{"_acf_changed":false,"inline_featured_image":false,"footnotes":""},"acf":[],"yoast_head":"<!-- This site is optimized with the Yoast SEO plugin v22.3 - https:\/\/yoast.com\/wordpress\/plugins\/seo\/ -->\n<title>Quali sono le propriet\u00e0 degli occhiali da sole? - Malalan<\/title>\n<meta name=\"robots\" content=\"index, follow, max-snippet:-1, max-image-preview:large, max-video-preview:-1\" \/>\n<link rel=\"canonical\" href=\"https:\/\/www.otticamalalan.it\/lastnosti-soncnih-ocal\/\" \/>\n<meta property=\"og:locale\" content=\"it_IT\" \/>\n<meta property=\"og:type\" content=\"article\" \/>\n<meta property=\"og:title\" content=\"Quali sono le propriet\u00e0 degli occhiali da sole? - Malalan\" \/>\n<meta property=\"og:description\" content=\"&nbsp; Ogni collezione di occhiali da sole inizia con un&#8217;idea. Poich\u00e9 le fonti di ispirazione sono infinite, le idee possono provenire da un&#8217;ampia variet\u00e0 di influenze. Molti designer traggono ispirazione dalla natura, dall&#8217;arte, dall&#8217;architettura o dalla cultura (pop). Gli occhiali da sole non sono solo un accessorio di moda, hanno determinate propriet\u00e0 che rendono i [&hellip;]\" \/>\n<meta property=\"og:url\" content=\"https:\/\/www.otticamalalan.it\/lastnosti-soncnih-ocal\/\" \/>\n<meta property=\"og:site_name\" content=\"Malalan\" \/>\n<meta property=\"article:modified_time\" content=\"2021-04-16T14:51:29+00:00\" \/>\n<meta name=\"twitter:card\" content=\"summary_large_image\" \/>\n<meta name=\"twitter:label1\" content=\"Tempo di lettura stimato\" \/>\n\t<meta name=\"twitter:data1\" content=\"2 minuti\" \/>\n<script type=\"application\/ld+json\" class=\"yoast-schema-graph\">{\"@context\":\"https:\/\/schema.org\",\"@graph\":[{\"@type\":\"WebPage\",\"@id\":\"https:\/\/www.otticamalalan.it\/lastnosti-soncnih-ocal\/\",\"url\":\"https:\/\/www.otticamalalan.it\/lastnosti-soncnih-ocal\/\",\"name\":\"Quali sono le propriet\u00e0 degli occhiali da sole? - Malalan\",\"isPartOf\":{\"@id\":\"https:\/\/www.otticamalalan.it\/#website\"},\"datePublished\":\"2021-03-03T07:58:34+00:00\",\"dateModified\":\"2021-04-16T14:51:29+00:00\",\"breadcrumb\":{\"@id\":\"https:\/\/www.otticamalalan.it\/lastnosti-soncnih-ocal\/#breadcrumb\"},\"inLanguage\":\"it-IT\",\"potentialAction\":[{\"@type\":\"ReadAction\",\"target\":[\"https:\/\/www.otticamalalan.it\/lastnosti-soncnih-ocal\/\"]}]},{\"@type\":\"BreadcrumbList\",\"@id\":\"https:\/\/www.otticamalalan.it\/lastnosti-soncnih-ocal\/#breadcrumb\",\"itemListElement\":[{\"@type\":\"ListItem\",\"position\":1,\"name\":\"Home\",\"item\":\"https:\/\/www.otticamalalan.it\/it\/\"},{\"@type\":\"ListItem\",\"position\":2,\"name\":\"Quali sono le propriet\u00e0 degli occhiali da sole?\"}]},{\"@type\":\"WebSite\",\"@id\":\"https:\/\/www.otticamalalan.it\/#website\",\"url\":\"https:\/\/www.otticamalalan.it\/\",\"name\":\"Malalan\",\"description\":\"Dobrodo\u0161li!\",\"potentialAction\":[{\"@type\":\"SearchAction\",\"target\":{\"@type\":\"EntryPoint\",\"urlTemplate\":\"https:\/\/www.otticamalalan.it\/?s={search_term_string}\"},\"query-input\":\"required name=search_term_string\"}],\"inLanguage\":\"it-IT\"}]}<\/script>\n<!-- \/ Yoast SEO plugin. -->","yoast_head_json":{"title":"Quali sono le propriet\u00e0 degli occhiali da sole? - Malalan","robots":{"index":"index","follow":"follow","max-snippet":"max-snippet:-1","max-image-preview":"max-image-preview:large","max-video-preview":"max-video-preview:-1"},"canonical":"https:\/\/www.otticamalalan.it\/lastnosti-soncnih-ocal\/","og_locale":"it_IT","og_type":"article","og_title":"Quali sono le propriet\u00e0 degli occhiali da sole? - Malalan","og_description":"&nbsp; Ogni collezione di occhiali da sole inizia con un&#8217;idea. Poich\u00e9 le fonti di ispirazione sono infinite, le idee possono provenire da un&#8217;ampia variet\u00e0 di influenze. Molti designer traggono ispirazione dalla natura, dall&#8217;arte, dall&#8217;architettura o dalla cultura (pop). Gli occhiali da sole non sono solo un accessorio di moda, hanno determinate propriet\u00e0 che rendono i [&hellip;]","og_url":"https:\/\/www.otticamalalan.it\/lastnosti-soncnih-ocal\/","og_site_name":"Malalan","article_modified_time":"2021-04-16T14:51:29+00:00","twitter_card":"summary_large_image","twitter_misc":{"Tempo di lettura stimato":"2 minuti"},"schema":{"@context":"https:\/\/schema.org","@graph":[{"@type":"WebPage","@id":"https:\/\/www.otticamalalan.it\/lastnosti-soncnih-ocal\/","url":"https:\/\/www.otticamalalan.it\/lastnosti-soncnih-ocal\/","name":"Quali sono le propriet\u00e0 degli occhiali da sole? - Malalan","isPartOf":{"@id":"https:\/\/www.otticamalalan.it\/#website"},"datePublished":"2021-03-03T07:58:34+00:00","dateModified":"2021-04-16T14:51:29+00:00","breadcrumb":{"@id":"https:\/\/www.otticamalalan.it\/lastnosti-soncnih-ocal\/#breadcrumb"},"inLanguage":"it-IT","potentialAction":[{"@type":"ReadAction","target":["https:\/\/www.otticamalalan.it\/lastnosti-soncnih-ocal\/"]}]},{"@type":"BreadcrumbList","@id":"https:\/\/www.otticamalalan.it\/lastnosti-soncnih-ocal\/#breadcrumb","itemListElement":[{"@type":"ListItem","position":1,"name":"Home","item":"https:\/\/www.otticamalalan.it\/it\/"},{"@type":"ListItem","position":2,"name":"Quali sono le propriet\u00e0 degli occhiali da sole?"}]},{"@type":"WebSite","@id":"https:\/\/www.otticamalalan.it\/#website","url":"https:\/\/www.otticamalalan.it\/","name":"Malalan","description":"Dobrodo\u0161li!","potentialAction":[{"@type":"SearchAction","target":{"@type":"EntryPoint","urlTemplate":"https:\/\/www.otticamalalan.it\/?s={search_term_string}"},"query-input":"required name=search_term_string"}],"inLanguage":"it-IT"}]}},"_links":{"self":[{"href":"https:\/\/www.otticamalalan.it\/it\/wp-json\/wp\/v2\/pages\/439"}],"collection":[{"href":"https:\/\/www.otticamalalan.it\/it\/wp-json\/wp\/v2\/pages"}],"about":[{"href":"https:\/\/www.otticamalalan.it\/it\/wp-json\/wp\/v2\/types\/page"}],"author":[{"embeddable":true,"href":"https:\/\/www.otticamalalan.it\/it\/wp-json\/wp\/v2\/users\/1"}],"replies":[{"embeddable":true,"href":"https:\/\/www.otticamalalan.it\/it\/wp-json\/wp\/v2\/comments?post=439"}],"version-history":[{"count":2,"href":"https:\/\/www.otticamalalan.it\/it\/wp-json\/wp\/v2\/pages\/439\/revisions"}],"predecessor-version":[{"id":610,"href":"https:\/\/www.otticamalalan.it\/it\/wp-json\/wp\/v2\/pages\/439\/revisions\/610"}],"wp:attachment":[{"href":"https:\/\/www.otticamalalan.it\/it\/wp-json\/wp\/v2\/media?parent=439"}],"curies":[{"name":"wp","href":"https:\/\/api.w.org\/{rel}","templated":true}]}}