{"id":434,"date":"2021-03-03T08:02:13","date_gmt":"2021-03-03T08:02:13","guid":{"rendered":"https:\/\/www.otticamalalan.it\/katero-obliko-okvirjev-izbrati\/"},"modified":"2021-04-17T07:09:29","modified_gmt":"2021-04-17T07:09:29","slug":"katero-obliko-okvirjev-izbrati","status":"publish","type":"page","link":"https:\/\/www.otticamalalan.it\/it\/katero-obliko-okvirjev-izbrati\/","title":{"rendered":"Quali occhiali scegliamo in base alla forma del viso?"},"content":{"rendered":"<p>Trovare occhiali adatti \u00e8 facile se conosciamo la forma del tuo viso.<\/p>\n<p>Per fare la scelta giusta, dobbiamo prima identificare le propriet\u00e0 del viso.<\/p>\n<p>&nbsp;<\/p>\n<p><strong>Ci sono 5 forme facciali principali:<\/strong><\/p>\n<p>&nbsp;<\/p>\n<p>Faccia quadrata<\/p>\n<p>Faccia rotonda<\/p>\n<p>Faccia a cuore<\/p>\n<p>Faccia triangolare<\/p>\n<p>Faccia ovale<\/p>\n<p>&nbsp;<\/p>\n<p>&nbsp;<\/p>\n<p>Una volta che riconosciamo la forma del viso, possiamo capire quale forma della montatura porter\u00e0 un equilibrio naturale al viso.<\/p>\n<p>&nbsp;<\/p>\n<p><em><strong>Facce quadrate<\/strong><\/em><\/p>\n<p>&nbsp;<\/p>\n<p>Le facce quadrate hanno spesso mosse audaci e quadrate e tagliano una linea retta pulita dalla parte anteriore alla mascella.<\/p>\n<p>Le montature arrotondati e pi\u00f9 sottili, leggermente pi\u00f9 larghi sul lato, conferiscono alle facce quadrate un aspetto armonioso e naturale. Gli occhiali rotondi e le forme ovali ammorbidiscono gli angoli duri sul viso della forma quadrata e aggiungono equilibrio.<\/p>\n<p>&nbsp;<\/p>\n<p><img loading=\"lazy\" decoding=\"async\" class=\"alignnone size-full wp-image-320\" src=\"https:\/\/www.otticamalalan.it\/wp-content\/uploads\/2021\/03\/KVADRATNI-OBRAZI.png\" alt=\"\" width=\"504\" height=\"335\" srcset=\"https:\/\/www.otticamalalan.it\/wp-content\/uploads\/2021\/03\/KVADRATNI-OBRAZI.png 504w, https:\/\/www.otticamalalan.it\/wp-content\/uploads\/2021\/03\/KVADRATNI-OBRAZI-300x199.png 300w\" sizes=\"(max-width: 504px) 100vw, 504px\" \/><\/p>\n<p><em><strong>Faccia rotonda<\/strong><\/em><\/p>\n<p>Le facce rotonde sono contrassegnate da forme morbide e linee lisce con un viso. Nelle facce rotonde, le guance sono solitamente piene e la barba arrotondata.<\/p>\n<p>Quando si scelgono gli occhiali per le facce rotonde, \u00e8 importante scegliere cornici che stringano un po &#8216;la forma del viso. I volti rotondi hanno un bell&#8217;aspetto con audaci occhiali koter con strisce pulite.<\/p>\n<p>Cornici rettangolari: rompono la struttura del viso, rendendo il viso pi\u00f9 lungo e sottile.<\/p>\n<p>I telai rialzati come &#8220;felino&#8221; sono consigliati se la persona ha una guancia curva e piena.<\/p>\n<p><img loading=\"lazy\" decoding=\"async\" class=\"alignnone size-full wp-image-322\" src=\"https:\/\/www.otticamalalan.it\/wp-content\/uploads\/2021\/03\/OKROGLI-OBRAZI.png\" alt=\"\" width=\"524\" height=\"329\" srcset=\"https:\/\/www.otticamalalan.it\/wp-content\/uploads\/2021\/03\/OKROGLI-OBRAZI.png 524w, https:\/\/www.otticamalalan.it\/wp-content\/uploads\/2021\/03\/OKROGLI-OBRAZI-300x188.png 300w\" sizes=\"(max-width: 524px) 100vw, 524px\" \/><\/p>\n<p><strong><em>A cuore<\/em><\/strong><\/p>\n<p>I volti a forma di cuore sono pi\u00f9 larghi sulla fronte e sono stretti al mento con zigomi alti. Questa forma del viso pu\u00f2 essere lunga o rotonda e spesso conferisce alla persona un aspetto dolce e felice.<\/p>\n<p>Le persone che hanno la forma di un viso sul cuore sembrano fantastiche in telai alati che sporgono leggermente pi\u00f9 larghi della cerniera e delle basi arrotondate mentre bilanciano l&#8217;aspetto.<\/p>\n<p>Cornice ovale: se una persona ha la barba a punta, scegliere la forma di una cornice ovale fa miracoli per indirizzare l&#8217;attenzione verso l&#8217;alto verso gli occhi.<\/p>\n<p>Cornici di colore brillante o senza cornice: scegliere uno stile con una cornice discreta riduce l&#8217;aspetto degli occhiali sul viso a forma di cuore.<\/p>\n<p>&nbsp;<\/p>\n<p><img loading=\"lazy\" decoding=\"async\" class=\"alignnone size-full wp-image-321\" src=\"https:\/\/www.otticamalalan.it\/wp-content\/uploads\/2021\/03\/OBRAZI-NA-SRCE.png\" alt=\"\" width=\"552\" height=\"319\" srcset=\"https:\/\/www.otticamalalan.it\/wp-content\/uploads\/2021\/03\/OBRAZI-NA-SRCE.png 552w, https:\/\/www.otticamalalan.it\/wp-content\/uploads\/2021\/03\/OBRAZI-NA-SRCE-300x173.png 300w\" sizes=\"(max-width: 552px) 100vw, 552px\" \/><\/p>\n<p><em><strong>Faccia triangolare<\/strong><\/em><\/p>\n<p>&nbsp;<\/p>\n<p>Le facce triangolari sono le pi\u00f9 larghe sottostanti, le pi\u00f9 larghe lass\u00f9.<\/p>\n<p>Quindi alla ricerca di un contropiede a specchio: sopra il telaio pi\u00f9 pesante, sotto esteticamente pi\u00f9 leggero. Il mix di forme rotonde e angolari \u00e8 particolarmente abbinato a facce triangolari: occhiali da aviatore o tali forme &#8220;a gatto&#8221;.<\/p>\n<p><img loading=\"lazy\" decoding=\"async\" class=\"alignnone size-full wp-image-324\" src=\"https:\/\/www.otticamalalan.it\/wp-content\/uploads\/2021\/03\/TRIKOTNI-OBRAZI.png\" alt=\"\" width=\"544\" height=\"333\" srcset=\"https:\/\/www.otticamalalan.it\/wp-content\/uploads\/2021\/03\/TRIKOTNI-OBRAZI.png 544w, https:\/\/www.otticamalalan.it\/wp-content\/uploads\/2021\/03\/TRIKOTNI-OBRAZI-300x184.png 300w\" sizes=\"(max-width: 544px) 100vw, 544px\" \/><\/p>\n<p><em><strong>Faccia ovale<\/strong><\/em><\/p>\n<p>&nbsp;<\/p>\n<p>Le persone con facce ovali si adattano alla maggior parte delle forme della cornice. Con una fronte stretta e un litchi leggermente stretto, la forma ovale \u00e8 considerata la forma pi\u00f9 universale del viso.<\/p>\n<p>La montatura dovrebbe evidenziare i punti di forza e fornire punti deboli per il viso in modo che il viso sembri perfettamente bilanciato.<\/p>\n<p>Per il viso ovale, \u00e8 importante enfatizzare il naturale equilibrio del viso e aggiungere angoli alle sue forme morbide. Il telaio adatto \u00e8 largo come la parte pi\u00f9 ampia del viso, cio\u00e8 l&#8217;area intorno agli occhi. Le cornici pi\u00f9 appropriate degli occhiali per facce ovali sono forme quadrate, rettangolari o esagonali.<\/p>\n<p><img loading=\"lazy\" decoding=\"async\" class=\"alignnone size-full wp-image-323\" src=\"https:\/\/www.otticamalalan.it\/wp-content\/uploads\/2021\/03\/OVALNI-OBRAZI.png\" alt=\"\" width=\"526\" height=\"324\" srcset=\"https:\/\/www.otticamalalan.it\/wp-content\/uploads\/2021\/03\/OVALNI-OBRAZI.png 526w, https:\/\/www.otticamalalan.it\/wp-content\/uploads\/2021\/03\/OVALNI-OBRAZI-300x185.png 300w\" sizes=\"(max-width: 526px) 100vw, 526px\" \/><\/p>\n","protected":false},"excerpt":{"rendered":"<p>Trovare occhiali adatti \u00e8 facile se conosciamo la forma del tuo viso. Per fare la scelta giusta, dobbiamo prima identificare le propriet\u00e0 del viso. &nbsp; Ci sono 5 forme facciali principali: &nbsp; Faccia quadrata Faccia rotonda Faccia a cuore Faccia triangolare Faccia ovale &nbsp; &nbsp; Una volta che riconosciamo la forma del viso, possiamo capire [&hellip;]<\/p>\n","protected":false},"author":1,"featured_media":0,"parent":0,"menu_order":0,"comment_status":"closed","ping_status":"closed","template":"","meta":{"_acf_changed":false,"inline_featured_image":false,"footnotes":""},"acf":[],"yoast_head":"<!-- This site is optimized with the Yoast SEO plugin v22.3 - https:\/\/yoast.com\/wordpress\/plugins\/seo\/ -->\n<title>Quali occhiali scegliamo in base alla forma del viso? - Malalan<\/title>\n<meta name=\"robots\" content=\"index, follow, max-snippet:-1, max-image-preview:large, max-video-preview:-1\" \/>\n<link rel=\"canonical\" href=\"https:\/\/www.otticamalalan.it\/katero-obliko-okvirjev-izbrati\/\" \/>\n<meta property=\"og:locale\" content=\"it_IT\" \/>\n<meta property=\"og:type\" content=\"article\" \/>\n<meta property=\"og:title\" content=\"Quali occhiali scegliamo in base alla forma del viso? - Malalan\" \/>\n<meta property=\"og:description\" content=\"Trovare occhiali adatti \u00e8 facile se conosciamo la forma del tuo viso. Per fare la scelta giusta, dobbiamo prima identificare le propriet\u00e0 del viso. &nbsp; Ci sono 5 forme facciali principali: &nbsp; Faccia quadrata Faccia rotonda Faccia a cuore Faccia triangolare Faccia ovale &nbsp; &nbsp; Una volta che riconosciamo la forma del viso, possiamo capire [&hellip;]\" \/>\n<meta property=\"og:url\" content=\"https:\/\/www.otticamalalan.it\/katero-obliko-okvirjev-izbrati\/\" \/>\n<meta property=\"og:site_name\" content=\"Malalan\" \/>\n<meta property=\"article:modified_time\" content=\"2021-04-17T07:09:29+00:00\" \/>\n<meta property=\"og:image\" content=\"https:\/\/www.otticamalalan.it\/wp-content\/uploads\/2021\/03\/KVADRATNI-OBRAZI.png\" \/>\n<meta name=\"twitter:card\" content=\"summary_large_image\" \/>\n<meta name=\"twitter:label1\" content=\"Tempo di lettura stimato\" \/>\n\t<meta name=\"twitter:data1\" content=\"3 minuti\" \/>\n<script type=\"application\/ld+json\" class=\"yoast-schema-graph\">{\"@context\":\"https:\/\/schema.org\",\"@graph\":[{\"@type\":\"WebPage\",\"@id\":\"https:\/\/www.otticamalalan.it\/katero-obliko-okvirjev-izbrati\/\",\"url\":\"https:\/\/www.otticamalalan.it\/katero-obliko-okvirjev-izbrati\/\",\"name\":\"Quali occhiali scegliamo in base alla forma del viso? - Malalan\",\"isPartOf\":{\"@id\":\"https:\/\/www.otticamalalan.it\/#website\"},\"primaryImageOfPage\":{\"@id\":\"https:\/\/www.otticamalalan.it\/katero-obliko-okvirjev-izbrati\/#primaryimage\"},\"image\":{\"@id\":\"https:\/\/www.otticamalalan.it\/katero-obliko-okvirjev-izbrati\/#primaryimage\"},\"thumbnailUrl\":\"https:\/\/www.otticamalalan.it\/wp-content\/uploads\/2021\/03\/KVADRATNI-OBRAZI.png\",\"datePublished\":\"2021-03-03T08:02:13+00:00\",\"dateModified\":\"2021-04-17T07:09:29+00:00\",\"breadcrumb\":{\"@id\":\"https:\/\/www.otticamalalan.it\/katero-obliko-okvirjev-izbrati\/#breadcrumb\"},\"inLanguage\":\"it-IT\",\"potentialAction\":[{\"@type\":\"ReadAction\",\"target\":[\"https:\/\/www.otticamalalan.it\/katero-obliko-okvirjev-izbrati\/\"]}]},{\"@type\":\"ImageObject\",\"inLanguage\":\"it-IT\",\"@id\":\"https:\/\/www.otticamalalan.it\/katero-obliko-okvirjev-izbrati\/#primaryimage\",\"url\":\"https:\/\/www.otticamalalan.it\/wp-content\/uploads\/2021\/03\/KVADRATNI-OBRAZI.png\",\"contentUrl\":\"https:\/\/www.otticamalalan.it\/wp-content\/uploads\/2021\/03\/KVADRATNI-OBRAZI.png\",\"width\":504,\"height\":335},{\"@type\":\"BreadcrumbList\",\"@id\":\"https:\/\/www.otticamalalan.it\/katero-obliko-okvirjev-izbrati\/#breadcrumb\",\"itemListElement\":[{\"@type\":\"ListItem\",\"position\":1,\"name\":\"Home\",\"item\":\"https:\/\/www.otticamalalan.it\/it\/\"},{\"@type\":\"ListItem\",\"position\":2,\"name\":\"Quali occhiali scegliamo in base alla forma del viso?\"}]},{\"@type\":\"WebSite\",\"@id\":\"https:\/\/www.otticamalalan.it\/#website\",\"url\":\"https:\/\/www.otticamalalan.it\/\",\"name\":\"Malalan\",\"description\":\"Dobrodo\u0161li!\",\"potentialAction\":[{\"@type\":\"SearchAction\",\"target\":{\"@type\":\"EntryPoint\",\"urlTemplate\":\"https:\/\/www.otticamalalan.it\/?s={search_term_string}\"},\"query-input\":\"required name=search_term_string\"}],\"inLanguage\":\"it-IT\"}]}<\/script>\n<!-- \/ Yoast SEO plugin. -->","yoast_head_json":{"title":"Quali occhiali scegliamo in base alla forma del viso? - Malalan","robots":{"index":"index","follow":"follow","max-snippet":"max-snippet:-1","max-image-preview":"max-image-preview:large","max-video-preview":"max-video-preview:-1"},"canonical":"https:\/\/www.otticamalalan.it\/katero-obliko-okvirjev-izbrati\/","og_locale":"it_IT","og_type":"article","og_title":"Quali occhiali scegliamo in base alla forma del viso? - Malalan","og_description":"Trovare occhiali adatti \u00e8 facile se conosciamo la forma del tuo viso. Per fare la scelta giusta, dobbiamo prima identificare le propriet\u00e0 del viso. &nbsp; Ci sono 5 forme facciali principali: &nbsp; Faccia quadrata Faccia rotonda Faccia a cuore Faccia triangolare Faccia ovale &nbsp; &nbsp; Una volta che riconosciamo la forma del viso, possiamo capire [&hellip;]","og_url":"https:\/\/www.otticamalalan.it\/katero-obliko-okvirjev-izbrati\/","og_site_name":"Malalan","article_modified_time":"2021-04-17T07:09:29+00:00","og_image":[{"url":"https:\/\/www.otticamalalan.it\/wp-content\/uploads\/2021\/03\/KVADRATNI-OBRAZI.png"}],"twitter_card":"summary_large_image","twitter_misc":{"Tempo di lettura stimato":"3 minuti"},"schema":{"@context":"https:\/\/schema.org","@graph":[{"@type":"WebPage","@id":"https:\/\/www.otticamalalan.it\/katero-obliko-okvirjev-izbrati\/","url":"https:\/\/www.otticamalalan.it\/katero-obliko-okvirjev-izbrati\/","name":"Quali occhiali scegliamo in base alla forma del viso? - Malalan","isPartOf":{"@id":"https:\/\/www.otticamalalan.it\/#website"},"primaryImageOfPage":{"@id":"https:\/\/www.otticamalalan.it\/katero-obliko-okvirjev-izbrati\/#primaryimage"},"image":{"@id":"https:\/\/www.otticamalalan.it\/katero-obliko-okvirjev-izbrati\/#primaryimage"},"thumbnailUrl":"https:\/\/www.otticamalalan.it\/wp-content\/uploads\/2021\/03\/KVADRATNI-OBRAZI.png","datePublished":"2021-03-03T08:02:13+00:00","dateModified":"2021-04-17T07:09:29+00:00","breadcrumb":{"@id":"https:\/\/www.otticamalalan.it\/katero-obliko-okvirjev-izbrati\/#breadcrumb"},"inLanguage":"it-IT","potentialAction":[{"@type":"ReadAction","target":["https:\/\/www.otticamalalan.it\/katero-obliko-okvirjev-izbrati\/"]}]},{"@type":"ImageObject","inLanguage":"it-IT","@id":"https:\/\/www.otticamalalan.it\/katero-obliko-okvirjev-izbrati\/#primaryimage","url":"https:\/\/www.otticamalalan.it\/wp-content\/uploads\/2021\/03\/KVADRATNI-OBRAZI.png","contentUrl":"https:\/\/www.otticamalalan.it\/wp-content\/uploads\/2021\/03\/KVADRATNI-OBRAZI.png","width":504,"height":335},{"@type":"BreadcrumbList","@id":"https:\/\/www.otticamalalan.it\/katero-obliko-okvirjev-izbrati\/#breadcrumb","itemListElement":[{"@type":"ListItem","position":1,"name":"Home","item":"https:\/\/www.otticamalalan.it\/it\/"},{"@type":"ListItem","position":2,"name":"Quali occhiali scegliamo in base alla forma del viso?"}]},{"@type":"WebSite","@id":"https:\/\/www.otticamalalan.it\/#website","url":"https:\/\/www.otticamalalan.it\/","name":"Malalan","description":"Dobrodo\u0161li!","potentialAction":[{"@type":"SearchAction","target":{"@type":"EntryPoint","urlTemplate":"https:\/\/www.otticamalalan.it\/?s={search_term_string}"},"query-input":"required name=search_term_string"}],"inLanguage":"it-IT"}]}},"_links":{"self":[{"href":"https:\/\/www.otticamalalan.it\/it\/wp-json\/wp\/v2\/pages\/434"}],"collection":[{"href":"https:\/\/www.otticamalalan.it\/it\/wp-json\/wp\/v2\/pages"}],"about":[{"href":"https:\/\/www.otticamalalan.it\/it\/wp-json\/wp\/v2\/types\/page"}],"author":[{"embeddable":true,"href":"https:\/\/www.otticamalalan.it\/it\/wp-json\/wp\/v2\/users\/1"}],"replies":[{"embeddable":true,"href":"https:\/\/www.otticamalalan.it\/it\/wp-json\/wp\/v2\/comments?post=434"}],"version-history":[{"count":3,"href":"https:\/\/www.otticamalalan.it\/it\/wp-json\/wp\/v2\/pages\/434\/revisions"}],"predecessor-version":[{"id":621,"href":"https:\/\/www.otticamalalan.it\/it\/wp-json\/wp\/v2\/pages\/434\/revisions\/621"}],"wp:attachment":[{"href":"https:\/\/www.otticamalalan.it\/it\/wp-json\/wp\/v2\/media?parent=434"}],"curies":[{"name":"wp","href":"https:\/\/api.w.org\/{rel}","templated":true}]}}