{"id":432,"date":"2021-03-03T08:03:09","date_gmt":"2021-03-03T08:03:09","guid":{"rendered":"https:\/\/www.otticamalalan.it\/korekcijska-ocala\/"},"modified":"2021-04-17T08:14:50","modified_gmt":"2021-04-17T08:14:50","slug":"korekcijska-ocala","status":"publish","type":"page","link":"https:\/\/www.otticamalalan.it\/it\/korekcijska-ocala\/","title":{"rendered":"Occhiali da vista"},"content":{"rendered":"<p><em><strong>Occhiali correttivi<\/strong><\/em><\/p>\n<p>La scelta degli occhiali \u00e8 un passo molto delicato, perch\u00e9 questo oggetto, che portiamo praticamente attraverso noi stessi e perch\u00e9 proteggono uno degli organi pi\u00f9 sensibili e importanti del nostro corpo: gli occhi. \u00c8 quindi facile capire come la scelta fatta prima dell&#8217;acquisto debba essere fatta consapevolmente e prudentemente.<\/p>\n<p><em><strong>Come vengono realizzati gli occhiali da vista?<\/strong><\/em><\/p>\n<p>Di solito, le montature per occhiali da vista (cos\u00ec come gli occhiali da sole) sono realizzate in plastica o metallo, mentre le lenti che fino a pochi anni fa erano in vetro sono ora realizzate con materiali plastici come il policarbonato e il CR-39, che sono pi\u00f9 resistenti agli urti e quindi molto pi\u00f9 resistenti del vetro, ma anche pi\u00f9 leggere.<\/p>\n<p>Alcune di queste plastiche hanno propriet\u00e0 ottiche ancora migliori rispetto al vetro, in quanto potrebbero avere una maggiore permeabilit\u00e0 alla luce e un maggiore assorbimento dei raggi ultravioletti. Ci sono anche materiali plastici che possono vantare un quoziente di refrazione superiore rispetto al vetro, caratteristica che diventa particolarmente utile nella creazione di lenti utilizzate per correggere alcuni disturbi visivi, come la miopia, consentendo l&#8217;uso di lenti pi\u00f9 sottili come lenti in vetro.<\/p>\n<p>&nbsp;<\/p>\n<p>&nbsp;<\/p>\n<p>&nbsp;<\/p>\n<p>&nbsp;<\/p>\n","protected":false},"excerpt":{"rendered":"<p>Occhiali correttivi La scelta degli occhiali \u00e8 un passo molto delicato, perch\u00e9 questo oggetto, che portiamo praticamente attraverso noi stessi e perch\u00e9 proteggono uno degli organi pi\u00f9 sensibili e importanti del nostro corpo: gli occhi. \u00c8 quindi facile capire come la scelta fatta prima dell&#8217;acquisto debba essere fatta consapevolmente e prudentemente. Come vengono realizzati gli [&hellip;]<\/p>\n","protected":false},"author":1,"featured_media":0,"parent":0,"menu_order":0,"comment_status":"closed","ping_status":"closed","template":"","meta":{"_acf_changed":false,"inline_featured_image":false,"footnotes":""},"acf":[],"yoast_head":"<!-- This site is optimized with the Yoast SEO plugin v22.3 - https:\/\/yoast.com\/wordpress\/plugins\/seo\/ -->\n<title>Occhiali da vista - Malalan<\/title>\n<meta name=\"robots\" content=\"index, follow, max-snippet:-1, max-image-preview:large, max-video-preview:-1\" \/>\n<link rel=\"canonical\" href=\"https:\/\/www.otticamalalan.it\/korekcijska-ocala\/\" \/>\n<meta property=\"og:locale\" content=\"it_IT\" \/>\n<meta property=\"og:type\" content=\"article\" \/>\n<meta property=\"og:title\" content=\"Occhiali da vista - Malalan\" \/>\n<meta property=\"og:description\" content=\"Occhiali correttivi La scelta degli occhiali \u00e8 un passo molto delicato, perch\u00e9 questo oggetto, che portiamo praticamente attraverso noi stessi e perch\u00e9 proteggono uno degli organi pi\u00f9 sensibili e importanti del nostro corpo: gli occhi. \u00c8 quindi facile capire come la scelta fatta prima dell&#8217;acquisto debba essere fatta consapevolmente e prudentemente. Come vengono realizzati gli [&hellip;]\" \/>\n<meta property=\"og:url\" content=\"https:\/\/www.otticamalalan.it\/korekcijska-ocala\/\" \/>\n<meta property=\"og:site_name\" content=\"Malalan\" \/>\n<meta property=\"article:modified_time\" content=\"2021-04-17T08:14:50+00:00\" \/>\n<meta name=\"twitter:card\" content=\"summary_large_image\" \/>\n<meta name=\"twitter:label1\" content=\"Tempo di lettura stimato\" \/>\n\t<meta name=\"twitter:data1\" content=\"1 minuto\" \/>\n<script type=\"application\/ld+json\" class=\"yoast-schema-graph\">{\"@context\":\"https:\/\/schema.org\",\"@graph\":[{\"@type\":\"WebPage\",\"@id\":\"https:\/\/www.otticamalalan.it\/korekcijska-ocala\/\",\"url\":\"https:\/\/www.otticamalalan.it\/korekcijska-ocala\/\",\"name\":\"Occhiali da vista - Malalan\",\"isPartOf\":{\"@id\":\"https:\/\/www.otticamalalan.it\/#website\"},\"datePublished\":\"2021-03-03T08:03:09+00:00\",\"dateModified\":\"2021-04-17T08:14:50+00:00\",\"breadcrumb\":{\"@id\":\"https:\/\/www.otticamalalan.it\/korekcijska-ocala\/#breadcrumb\"},\"inLanguage\":\"it-IT\",\"potentialAction\":[{\"@type\":\"ReadAction\",\"target\":[\"https:\/\/www.otticamalalan.it\/korekcijska-ocala\/\"]}]},{\"@type\":\"BreadcrumbList\",\"@id\":\"https:\/\/www.otticamalalan.it\/korekcijska-ocala\/#breadcrumb\",\"itemListElement\":[{\"@type\":\"ListItem\",\"position\":1,\"name\":\"Home\",\"item\":\"https:\/\/www.otticamalalan.it\/it\/\"},{\"@type\":\"ListItem\",\"position\":2,\"name\":\"Occhiali da vista\"}]},{\"@type\":\"WebSite\",\"@id\":\"https:\/\/www.otticamalalan.it\/#website\",\"url\":\"https:\/\/www.otticamalalan.it\/\",\"name\":\"Malalan\",\"description\":\"Dobrodo\u0161li!\",\"potentialAction\":[{\"@type\":\"SearchAction\",\"target\":{\"@type\":\"EntryPoint\",\"urlTemplate\":\"https:\/\/www.otticamalalan.it\/?s={search_term_string}\"},\"query-input\":\"required name=search_term_string\"}],\"inLanguage\":\"it-IT\"}]}<\/script>\n<!-- \/ Yoast SEO plugin. -->","yoast_head_json":{"title":"Occhiali da vista - Malalan","robots":{"index":"index","follow":"follow","max-snippet":"max-snippet:-1","max-image-preview":"max-image-preview:large","max-video-preview":"max-video-preview:-1"},"canonical":"https:\/\/www.otticamalalan.it\/korekcijska-ocala\/","og_locale":"it_IT","og_type":"article","og_title":"Occhiali da vista - Malalan","og_description":"Occhiali correttivi La scelta degli occhiali \u00e8 un passo molto delicato, perch\u00e9 questo oggetto, che portiamo praticamente attraverso noi stessi e perch\u00e9 proteggono uno degli organi pi\u00f9 sensibili e importanti del nostro corpo: gli occhi. \u00c8 quindi facile capire come la scelta fatta prima dell&#8217;acquisto debba essere fatta consapevolmente e prudentemente. Come vengono realizzati gli [&hellip;]","og_url":"https:\/\/www.otticamalalan.it\/korekcijska-ocala\/","og_site_name":"Malalan","article_modified_time":"2021-04-17T08:14:50+00:00","twitter_card":"summary_large_image","twitter_misc":{"Tempo di lettura stimato":"1 minuto"},"schema":{"@context":"https:\/\/schema.org","@graph":[{"@type":"WebPage","@id":"https:\/\/www.otticamalalan.it\/korekcijska-ocala\/","url":"https:\/\/www.otticamalalan.it\/korekcijska-ocala\/","name":"Occhiali da vista - Malalan","isPartOf":{"@id":"https:\/\/www.otticamalalan.it\/#website"},"datePublished":"2021-03-03T08:03:09+00:00","dateModified":"2021-04-17T08:14:50+00:00","breadcrumb":{"@id":"https:\/\/www.otticamalalan.it\/korekcijska-ocala\/#breadcrumb"},"inLanguage":"it-IT","potentialAction":[{"@type":"ReadAction","target":["https:\/\/www.otticamalalan.it\/korekcijska-ocala\/"]}]},{"@type":"BreadcrumbList","@id":"https:\/\/www.otticamalalan.it\/korekcijska-ocala\/#breadcrumb","itemListElement":[{"@type":"ListItem","position":1,"name":"Home","item":"https:\/\/www.otticamalalan.it\/it\/"},{"@type":"ListItem","position":2,"name":"Occhiali da vista"}]},{"@type":"WebSite","@id":"https:\/\/www.otticamalalan.it\/#website","url":"https:\/\/www.otticamalalan.it\/","name":"Malalan","description":"Dobrodo\u0161li!","potentialAction":[{"@type":"SearchAction","target":{"@type":"EntryPoint","urlTemplate":"https:\/\/www.otticamalalan.it\/?s={search_term_string}"},"query-input":"required name=search_term_string"}],"inLanguage":"it-IT"}]}},"_links":{"self":[{"href":"https:\/\/www.otticamalalan.it\/it\/wp-json\/wp\/v2\/pages\/432"}],"collection":[{"href":"https:\/\/www.otticamalalan.it\/it\/wp-json\/wp\/v2\/pages"}],"about":[{"href":"https:\/\/www.otticamalalan.it\/it\/wp-json\/wp\/v2\/types\/page"}],"author":[{"embeddable":true,"href":"https:\/\/www.otticamalalan.it\/it\/wp-json\/wp\/v2\/users\/1"}],"replies":[{"embeddable":true,"href":"https:\/\/www.otticamalalan.it\/it\/wp-json\/wp\/v2\/comments?post=432"}],"version-history":[{"count":2,"href":"https:\/\/www.otticamalalan.it\/it\/wp-json\/wp\/v2\/pages\/432\/revisions"}],"predecessor-version":[{"id":633,"href":"https:\/\/www.otticamalalan.it\/it\/wp-json\/wp\/v2\/pages\/432\/revisions\/633"}],"wp:attachment":[{"href":"https:\/\/www.otticamalalan.it\/it\/wp-json\/wp\/v2\/media?parent=432"}],"curies":[{"name":"wp","href":"https:\/\/api.w.org\/{rel}","templated":true}]}}