{"id":430,"date":"2021-03-03T08:03:33","date_gmt":"2021-03-03T08:03:33","guid":{"rendered":"https:\/\/www.otticamalalan.it\/soncna-ocala\/"},"modified":"2021-04-17T08:33:52","modified_gmt":"2021-04-17T08:33:52","slug":"soncna-ocala","status":"publish","type":"page","link":"https:\/\/www.otticamalalan.it\/it\/soncna-ocala\/","title":{"rendered":"Occhiali da sole"},"content":{"rendered":"<p><em><strong>Occhiali da sole &#8211; perch\u00e9 sono importanti e a cosa dobbiamo prestare attenzione?<\/strong><\/em><\/p>\n<p>Tutti sanno che gli occhiali da sole consentono una migliore visione in una giornata di sole e sono un accessorio di moda importante per quelle persone per le quali l&#8217;aspetto \u00e8 importante. Tuttavia, indossare occhiali da sole reali \u00e8 anche la migliore difesa per proteggere dai raggi ultravioletti (UV), che possono causare danni agli occhi a breve e lungo termine.<\/p>\n<p>Gli studi hanno dimostrato che l&#8217;esposizione ultravioletta accumulata al sole pu\u00f2 aumentare il rischio di cataratta, la principale causa di cecit\u00e0 in tutto il mondo, oltre ad altre patologie oculari. Anche solo poche ore di intensa esposizione ai raggi UV possono causare cecit\u00e0 temporanea chiamata fotocheratite.<\/p>\n<p>Ecco alcuni fattori importanti da considerare quando acquisti occhiali da sole per proteggere meglio i tuoi occhi dal sole:<\/p>\n<p><em><strong>Protezione UV completa<\/strong><\/em><\/p>\n<p>Il segno pi\u00f9 importante a cui dovresti prestare attenzione quando acquisti occhiali da sole\u00a0 \u00e8 un adesivo\u00a0 che indica che le lenti bloccano il 100% dei raggi UV. Tuttavia, meno della met\u00e0 delle persone che acquistano occhiali da sole fanno uno sforzo per verificare che le lenti proteggano gli occhi dalla luce ultravioletta.<\/p>\n<p><em><strong>Pi\u00f9 grande \u00e8 meglio<\/strong><strong>.<\/strong><\/em><\/p>\n<p>Pi\u00f9 grandi sono gli occhiali da sole, meno gli occhi danneggiano il sole. Quindi considera di acquistare grandi occhiali o occhiali che avvolgono bene il tuo viso, perch\u00e9 tali occhiali sono ben difesi dalla luce che entra nell&#8217;occhio dal lato.<\/p>\n<p>Le lenti pi\u00f9 scure non ti proteggono meglio.<\/p>\n<p>Sebbene le lenti molto scure abbiano un bell&#8217;aspetto, non bloccano necessariamente pi\u00f9 raggi UV.<\/p>\n<p><em><strong>Il colore non ha importanza.<\/strong><\/em><\/p>\n<p>Alcuni occhiali da sole sono lenti marroni, verdi o grigie. Il colore dell&#8217;obiettivo stesso non aumenta la percentuale di protezione contro la luce UV, ma pu\u00f2 aumentare il contrasto, che pu\u00f2 essere utile per gli atleti che praticano sport come lo sci o il golf.<\/p>\n<p>Le lenti polarizzate riducono la riflessione, non i raggi UV.<\/p>\n<p>La polarizzazione delle lenti riduce l&#8217;abbagliamento che si riflette su superfici riflettenti come acqua o pavimentazione. Non offre una maggiore protezione solare, ma pu\u00f2 rendere le attivit\u00e0 come la guida pi\u00f9 sicure e divertenti.<\/p>\n","protected":false},"excerpt":{"rendered":"<p>Occhiali da sole &#8211; perch\u00e9 sono importanti e a cosa dobbiamo prestare attenzione? Tutti sanno che gli occhiali da sole consentono una migliore visione in una giornata di sole e sono un accessorio di moda importante per quelle persone per le quali l&#8217;aspetto \u00e8 importante. Tuttavia, indossare occhiali da sole reali \u00e8 anche la migliore [&hellip;]<\/p>\n","protected":false},"author":1,"featured_media":0,"parent":0,"menu_order":0,"comment_status":"closed","ping_status":"closed","template":"","meta":{"_acf_changed":false,"inline_featured_image":false,"footnotes":""},"acf":[],"yoast_head":"<!-- This site is optimized with the Yoast SEO plugin v22.3 - https:\/\/yoast.com\/wordpress\/plugins\/seo\/ -->\n<title>Occhiali da sole - Malalan<\/title>\n<meta name=\"robots\" content=\"index, follow, max-snippet:-1, max-image-preview:large, max-video-preview:-1\" \/>\n<link rel=\"canonical\" href=\"https:\/\/www.otticamalalan.it\/soncna-ocala\/\" \/>\n<meta property=\"og:locale\" content=\"it_IT\" \/>\n<meta property=\"og:type\" content=\"article\" \/>\n<meta property=\"og:title\" content=\"Occhiali da sole - Malalan\" \/>\n<meta property=\"og:description\" content=\"Occhiali da sole &#8211; perch\u00e9 sono importanti e a cosa dobbiamo prestare attenzione? Tutti sanno che gli occhiali da sole consentono una migliore visione in una giornata di sole e sono un accessorio di moda importante per quelle persone per le quali l&#8217;aspetto \u00e8 importante. Tuttavia, indossare occhiali da sole reali \u00e8 anche la migliore [&hellip;]\" \/>\n<meta property=\"og:url\" content=\"https:\/\/www.otticamalalan.it\/soncna-ocala\/\" \/>\n<meta property=\"og:site_name\" content=\"Malalan\" \/>\n<meta property=\"article:modified_time\" content=\"2021-04-17T08:33:52+00:00\" \/>\n<meta name=\"twitter:card\" content=\"summary_large_image\" \/>\n<meta name=\"twitter:label1\" content=\"Tempo di lettura stimato\" \/>\n\t<meta name=\"twitter:data1\" content=\"2 minuti\" \/>\n<script type=\"application\/ld+json\" class=\"yoast-schema-graph\">{\"@context\":\"https:\/\/schema.org\",\"@graph\":[{\"@type\":\"WebPage\",\"@id\":\"https:\/\/www.otticamalalan.it\/soncna-ocala\/\",\"url\":\"https:\/\/www.otticamalalan.it\/soncna-ocala\/\",\"name\":\"Occhiali da sole - Malalan\",\"isPartOf\":{\"@id\":\"https:\/\/www.otticamalalan.it\/#website\"},\"datePublished\":\"2021-03-03T08:03:33+00:00\",\"dateModified\":\"2021-04-17T08:33:52+00:00\",\"breadcrumb\":{\"@id\":\"https:\/\/www.otticamalalan.it\/soncna-ocala\/#breadcrumb\"},\"inLanguage\":\"it-IT\",\"potentialAction\":[{\"@type\":\"ReadAction\",\"target\":[\"https:\/\/www.otticamalalan.it\/soncna-ocala\/\"]}]},{\"@type\":\"BreadcrumbList\",\"@id\":\"https:\/\/www.otticamalalan.it\/soncna-ocala\/#breadcrumb\",\"itemListElement\":[{\"@type\":\"ListItem\",\"position\":1,\"name\":\"Home\",\"item\":\"https:\/\/www.otticamalalan.it\/it\/\"},{\"@type\":\"ListItem\",\"position\":2,\"name\":\"Occhiali da sole\"}]},{\"@type\":\"WebSite\",\"@id\":\"https:\/\/www.otticamalalan.it\/#website\",\"url\":\"https:\/\/www.otticamalalan.it\/\",\"name\":\"Malalan\",\"description\":\"Dobrodo\u0161li!\",\"potentialAction\":[{\"@type\":\"SearchAction\",\"target\":{\"@type\":\"EntryPoint\",\"urlTemplate\":\"https:\/\/www.otticamalalan.it\/?s={search_term_string}\"},\"query-input\":\"required name=search_term_string\"}],\"inLanguage\":\"it-IT\"}]}<\/script>\n<!-- \/ Yoast SEO plugin. -->","yoast_head_json":{"title":"Occhiali da sole - Malalan","robots":{"index":"index","follow":"follow","max-snippet":"max-snippet:-1","max-image-preview":"max-image-preview:large","max-video-preview":"max-video-preview:-1"},"canonical":"https:\/\/www.otticamalalan.it\/soncna-ocala\/","og_locale":"it_IT","og_type":"article","og_title":"Occhiali da sole - Malalan","og_description":"Occhiali da sole &#8211; perch\u00e9 sono importanti e a cosa dobbiamo prestare attenzione? Tutti sanno che gli occhiali da sole consentono una migliore visione in una giornata di sole e sono un accessorio di moda importante per quelle persone per le quali l&#8217;aspetto \u00e8 importante. Tuttavia, indossare occhiali da sole reali \u00e8 anche la migliore [&hellip;]","og_url":"https:\/\/www.otticamalalan.it\/soncna-ocala\/","og_site_name":"Malalan","article_modified_time":"2021-04-17T08:33:52+00:00","twitter_card":"summary_large_image","twitter_misc":{"Tempo di lettura stimato":"2 minuti"},"schema":{"@context":"https:\/\/schema.org","@graph":[{"@type":"WebPage","@id":"https:\/\/www.otticamalalan.it\/soncna-ocala\/","url":"https:\/\/www.otticamalalan.it\/soncna-ocala\/","name":"Occhiali da sole - Malalan","isPartOf":{"@id":"https:\/\/www.otticamalalan.it\/#website"},"datePublished":"2021-03-03T08:03:33+00:00","dateModified":"2021-04-17T08:33:52+00:00","breadcrumb":{"@id":"https:\/\/www.otticamalalan.it\/soncna-ocala\/#breadcrumb"},"inLanguage":"it-IT","potentialAction":[{"@type":"ReadAction","target":["https:\/\/www.otticamalalan.it\/soncna-ocala\/"]}]},{"@type":"BreadcrumbList","@id":"https:\/\/www.otticamalalan.it\/soncna-ocala\/#breadcrumb","itemListElement":[{"@type":"ListItem","position":1,"name":"Home","item":"https:\/\/www.otticamalalan.it\/it\/"},{"@type":"ListItem","position":2,"name":"Occhiali da sole"}]},{"@type":"WebSite","@id":"https:\/\/www.otticamalalan.it\/#website","url":"https:\/\/www.otticamalalan.it\/","name":"Malalan","description":"Dobrodo\u0161li!","potentialAction":[{"@type":"SearchAction","target":{"@type":"EntryPoint","urlTemplate":"https:\/\/www.otticamalalan.it\/?s={search_term_string}"},"query-input":"required name=search_term_string"}],"inLanguage":"it-IT"}]}},"_links":{"self":[{"href":"https:\/\/www.otticamalalan.it\/it\/wp-json\/wp\/v2\/pages\/430"}],"collection":[{"href":"https:\/\/www.otticamalalan.it\/it\/wp-json\/wp\/v2\/pages"}],"about":[{"href":"https:\/\/www.otticamalalan.it\/it\/wp-json\/wp\/v2\/types\/page"}],"author":[{"embeddable":true,"href":"https:\/\/www.otticamalalan.it\/it\/wp-json\/wp\/v2\/users\/1"}],"replies":[{"embeddable":true,"href":"https:\/\/www.otticamalalan.it\/it\/wp-json\/wp\/v2\/comments?post=430"}],"version-history":[{"count":2,"href":"https:\/\/www.otticamalalan.it\/it\/wp-json\/wp\/v2\/pages\/430\/revisions"}],"predecessor-version":[{"id":635,"href":"https:\/\/www.otticamalalan.it\/it\/wp-json\/wp\/v2\/pages\/430\/revisions\/635"}],"wp:attachment":[{"href":"https:\/\/www.otticamalalan.it\/it\/wp-json\/wp\/v2\/media?parent=430"}],"curies":[{"name":"wp","href":"https:\/\/api.w.org\/{rel}","templated":true}]}}